{"id":9387,"date":"2019-12-30T17:24:14","date_gmt":"2019-12-30T17:24:14","guid":{"rendered":"http:\/\/usponsorme.com\/?page_id=9387"},"modified":"2025-04-25T19:37:40","modified_gmt":"2025-04-25T19:37:40","slug":"kit-presse","status":"publish","type":"page","link":"https:\/\/usponsorme.com\/fr\/press\/","title":{"rendered":"Dossier de presse"},"content":{"rendered":"<h2 class=\"wp-block-heading\" id=\"h-download-assets\">T\u00e9l\u00e9charger les actifs<\/h2>\n\n\n\n<div class=\"wp-block-file\"><a href=\"https:\/\/usponsorme.com\/wp-content\/uploads\/2020\/01\/USponsorMe-Media-Kit.zip\">Kit m\u00e9dia US-SponsorMe<\/a><a href=\"https:\/\/usponsorme.com\/wp-content\/uploads\/2020\/01\/USponsorMe-Media-Kit.zip\" class=\"wp-block-file__button wp-element-button\" download>T\u00e9l\u00e9charger<\/a><\/div>\n\n\n\n<h2 class=\"wp-block-heading\" id=\"h-they-talk-about-us\">Ils parlent de nous<\/h2>\n\n\n\n<div style=\"height:50px\" aria-hidden=\"true\" class=\"wp-block-spacer\"><\/div>\n\n\n\n<div class=\"wp-block-columns is-layout-flex wp-container-core-columns-is-layout-28f84493 wp-block-columns-is-layout-flex\">\n<div class=\"wp-block-column is-layout-flow wp-block-column-is-layout-flow\">\n<figure class=\"wp-block-image size-large is-style-default\"><img decoding=\"async\" width=\"383\" height=\"144\" src=\"http:\/\/usponsorme.com\/wp-content\/uploads\/2019\/12\/europe1.png\" alt=\"\" class=\"wp-image-9398\" srcset=\"https:\/\/usponsorme.com\/wp-content\/uploads\/2019\/12\/europe1.png 383w, https:\/\/usponsorme.com\/wp-content\/uploads\/2019\/12\/europe1-300x113.png 300w\" sizes=\"(max-width: 383px) 100vw, 383px\" \/><\/figure>\n<\/div>\n\n\n\n<div class=\"wp-block-column is-layout-flow wp-block-column-is-layout-flow\">\n<figure class=\"wp-block-image size-large is-style-default\"><img decoding=\"async\" width=\"368\" height=\"79\" src=\"http:\/\/usponsorme.com\/wp-content\/uploads\/2019\/12\/tropheefrancaisetranger.png\" alt=\"\" class=\"wp-image-9400\" srcset=\"https:\/\/usponsorme.com\/wp-content\/uploads\/2019\/12\/tropheefrancaisetranger.png 368w, https:\/\/usponsorme.com\/wp-content\/uploads\/2019\/12\/tropheefrancaisetranger-300x64.png 300w\" sizes=\"(max-width: 368px) 100vw, 368px\" \/><figcaption class=\"wp-element-caption\">Nomin\u00e9e parmi les 8 finalistes du prix des expatri\u00e9s fran\u00e7ais 2019<\/figcaption><\/figure>\n<\/div>\n<\/div>\n\n\n\n<div class=\"wp-block-columns is-layout-flex wp-container-core-columns-is-layout-28f84493 wp-block-columns-is-layout-flex\">\n<div class=\"wp-block-column is-layout-flow wp-block-column-is-layout-flow\">\n<figure class=\"wp-block-image size-full is-style-default\"><img decoding=\"async\" width=\"582\" height=\"82\" src=\"https:\/\/usponsorme.com\/wp-content\/uploads\/2025\/02\/french-district.jpg\" alt=\"\" class=\"wp-image-20741\" srcset=\"https:\/\/usponsorme.com\/wp-content\/uploads\/2025\/02\/french-district.jpg 582w, https:\/\/usponsorme.com\/wp-content\/uploads\/2025\/02\/french-district-560x79.jpg 560w, https:\/\/usponsorme.com\/wp-content\/uploads\/2025\/02\/french-district-18x3.jpg 18w\" sizes=\"(max-width: 582px) 100vw, 582px\" \/><\/figure>\n\n\n\n<p><a href=\"https:\/\/frenchdistrict.com\/californie-sud\/articles\/travail-etats-unis-sponsor-interview-usponsor-me\/\" target=\"_blank\" rel=\"noreferrer noopener\" aria-label=\"Conduire le candidat vers la bonne entreprise (ouvre un nouvel onglet)\">Conduire le candidat vers la bonne entreprise<\/a><\/p>\n<\/div>\n\n\n\n<div class=\"wp-block-column is-layout-flow wp-block-column-is-layout-flow\">\n<figure class=\"wp-block-image aligncenter size-large is-style-default\"><img decoding=\"async\" src=\"http:\/\/usponsorme.com\/wp-content\/uploads\/2020\/02\/travail-nomad.png\" alt=\"\" class=\"wp-image-10080\"\/><\/figure>\n<\/div>\n<\/div>\n\n\n\n<div class=\"wp-block-columns is-layout-flex wp-container-core-columns-is-layout-28f84493 wp-block-columns-is-layout-flex\">\n<div class=\"wp-block-column is-layout-flow wp-block-column-is-layout-flow\">\n<figure class=\"wp-block-image size-large is-style-default\"><img decoding=\"async\" width=\"286\" height=\"51\" src=\"http:\/\/usponsorme.com\/wp-content\/uploads\/2020\/07\/authority-magazine.png\" alt=\"\" class=\"wp-image-10991\"\/><\/figure>\n\n\n\n<p><a href=\"https:\/\/medium.com\/authority-magazine\/sarah-papasodaro-of-usponsor-me-only-delegate-the-repetitive-tasks-first-355debe7293\" target=\"_blank\" aria-label=\"undefined (s&#039;ouvre dans un nouvel onglet)\" rel=\"noreferrer noopener\"><em>Sarah Papasodaro de USponsor Me : \"<\/em>Ne d\u00e9l\u00e9guez d'abord que les t\u00e2ches r\u00e9p\u00e9titives\"<\/a><\/p>\n<\/div>\n\n\n\n<div class=\"wp-block-column is-layout-flow wp-block-column-is-layout-flow\"><\/div>\n<\/div>\n\n\n\n<div class=\"wp-block-columns is-layout-flex wp-container-core-columns-is-layout-28f84493 wp-block-columns-is-layout-flex\">\n<div class=\"wp-block-column is-layout-flow wp-block-column-is-layout-flow\"><\/div>\n\n\n\n<div class=\"wp-block-column is-layout-flow wp-block-column-is-layout-flow\"><\/div>\n<\/div>\n\n\n\n<h2 class=\"wp-block-heading\" id=\"h-benefits\">Avantages<\/h2>\n\n\n\n<div class=\"wp-block-columns is-layout-flex wp-container-core-columns-is-layout-28f84493 wp-block-columns-is-layout-flex\">\n<div class=\"wp-block-column is-layout-flow wp-block-column-is-layout-flow\">\n<h3 class=\"wp-block-heading\" id=\"h-for-international-candidates\">Pour les candidats internationaux<\/h3>\n\n\n\n<p>Trouvez le travail de vos r\u00eaves aux \u00c9tats-Unis et obtenez un visa.<\/p>\n<\/div>\n\n\n\n<div class=\"wp-block-column is-layout-flow wp-block-column-is-layout-flow\">\n<h3 class=\"wp-block-heading\" id=\"h-for-u-s-based-companies\">Pour les entreprises bas\u00e9es aux \u00c9tats-Unis<\/h3>\n\n\n\n<p>Lancement prochain : Acc\u00e8s \u00e0 un nombre illimit\u00e9 de talents du monde entier ! Obtenez les meilleurs talents internationaux directement devant votre porte. Pas de paperasserie cauchemardesque pour les visas - nous le faisons pour vous !<\/p>\n<\/div>\n<\/div>\n\n\n\n<h2 class=\"wp-block-heading\" id=\"h-features-how-does-it-work\">Caract\u00e9ristiques \/ Comment \u00e7a marche ?<\/h2>\n\n\n\n<p>USponsor Me :<\/p>\n\n\n\n<ul class=\"wp-block-list\">\n<li>Analyse le profil d'un candidat.<\/li>\n\n\n\n<li>calcule les visas auxquels il peut pr\u00e9tendre.<\/li>\n\n\n\n<li>Oriente le candidat vers des offres d'emploi dans des entreprises qui peuvent le parrainer pour obtenir le type de visa correspondant \u00e0 son profil.<\/li>\n\n\n\n<li>Guide le candidat vers une piste fructueuse.<\/li>\n<\/ul>\n\n\n\n<p><a href=\"\/fr\/\">Pour en savoir plus sur nos fonctionnalit\u00e9s, cliquez ici !<\/a><\/p>\n\n\n\n<h2 class=\"wp-block-heading\" id=\"h-milestones\">Jalons<\/h2>\n\n\n\n<div class=\"wp-block-columns is-layout-flex wp-container-core-columns-is-layout-28f84493 wp-block-columns-is-layout-flex\">\n<div class=\"wp-block-column is-layout-flow wp-block-column-is-layout-flow\">\n<figure class=\"wp-block-image aligncenter size-large is-style-default\"><img decoding=\"async\" width=\"200\" height=\"200\" src=\"http:\/\/usponsorme.com\/wp-content\/uploads\/2019\/12\/signup.png\" alt=\"\" class=\"wp-image-9446\" srcset=\"https:\/\/usponsorme.com\/wp-content\/uploads\/2019\/12\/signup.png 200w, https:\/\/usponsorme.com\/wp-content\/uploads\/2019\/12\/signup-150x150.png 150w, https:\/\/usponsorme.com\/wp-content\/uploads\/2019\/12\/signup-65x65.png 65w, https:\/\/usponsorme.com\/wp-content\/uploads\/2019\/12\/signup-86x86.png 86w\" sizes=\"(max-width: 200px) 100vw, 200px\" \/><\/figure>\n\n\n\n<p class=\"has-text-align-center has-vivid-red-color has-text-color\"><strong>200<\/strong><\/p>\n\n\n\n<p class=\"has-text-align-center\">Une moyenne de 200 nouveaux abonn\u00e9s par jour (plus de 100 000 candidats internationaux inscrits au total).<\/p>\n<\/div>\n\n\n\n<div class=\"wp-block-column is-layout-flow wp-block-column-is-layout-flow\">\n<figure class=\"wp-block-image aligncenter size-full is-style-default\"><img decoding=\"async\" width=\"200\" height=\"200\" src=\"https:\/\/usponsorme.com\/wp-content\/uploads\/2025\/02\/customers.png\" alt=\"\" class=\"wp-image-20852\" srcset=\"https:\/\/usponsorme.com\/wp-content\/uploads\/2025\/02\/customers.png 200w, https:\/\/usponsorme.com\/wp-content\/uploads\/2025\/02\/customers-140x140.png 140w, https:\/\/usponsorme.com\/wp-content\/uploads\/2025\/02\/customers-12x12.png 12w\" sizes=\"(max-width: 200px) 100vw, 200px\" \/><\/figure>\n\n\n\n<p class=\"has-text-align-center has-vivid-red-color has-text-color\"><strong>2K<sup>+<\/sup><\/strong><\/p>\n\n\n\n<p class=\"has-text-align-center\">Plus de 3 500 clients payants.<\/p>\n<\/div>\n<\/div>\n\n\n\n<div class=\"wp-block-columns is-layout-flex wp-container-core-columns-is-layout-28f84493 wp-block-columns-is-layout-flex\">\n<div class=\"wp-block-column is-layout-flow wp-block-column-is-layout-flow\">\n<figure class=\"wp-block-image aligncenter size-large is-style-default\"><img decoding=\"async\" width=\"200\" height=\"200\" src=\"http:\/\/usponsorme.com\/wp-content\/uploads\/2019\/12\/revenue.png\" alt=\"\" class=\"wp-image-9450\" srcset=\"https:\/\/usponsorme.com\/wp-content\/uploads\/2019\/12\/revenue.png 200w, https:\/\/usponsorme.com\/wp-content\/uploads\/2019\/12\/revenue-150x150.png 150w, https:\/\/usponsorme.com\/wp-content\/uploads\/2019\/12\/revenue-65x65.png 65w, https:\/\/usponsorme.com\/wp-content\/uploads\/2019\/12\/revenue-86x86.png 86w\" sizes=\"(max-width: 200px) 100vw, 200px\" \/><\/figure>\n\n\n\n<p class=\"has-text-align-center has-vivid-red-color has-text-color\"><strong>6<\/strong><\/p>\n\n\n\n<p class=\"has-text-align-center\">Six (6) chiffres de revenus g\u00e9n\u00e9r\u00e9s depuis 2019.<\/p>\n<\/div>\n\n\n\n<div class=\"wp-block-column is-layout-flow wp-block-column-is-layout-flow\">\n<figure class=\"wp-block-image aligncenter size-full is-style-default\"><img decoding=\"async\" width=\"200\" height=\"200\" src=\"https:\/\/usponsorme.com\/wp-content\/uploads\/2025\/02\/key-business.png\" alt=\"\" class=\"wp-image-20854\" srcset=\"https:\/\/usponsorme.com\/wp-content\/uploads\/2025\/02\/key-business.png 200w, https:\/\/usponsorme.com\/wp-content\/uploads\/2025\/02\/key-business-140x140.png 140w, https:\/\/usponsorme.com\/wp-content\/uploads\/2025\/02\/key-business-12x12.png 12w\" sizes=\"(max-width: 200px) 100vw, 200px\" \/><\/figure>\n\n\n\n<p class=\"has-text-align-center has-vivid-red-color has-text-color\"><strong>3<\/strong><\/p>\n\n\n\n<p class=\"has-text-align-center\">Trois partenariats cl\u00e9s pour le d\u00e9veloppement des entreprises sont en place.<\/p>\n<\/div>\n<\/div>\n\n\n\n<h2 class=\"wp-block-heading\" id=\"h-about-us\">\u00c0 propos de nous<\/h2>\n\n\n\n<p>Plus de 12 millions d'\u00e9trangers se battent chaque ann\u00e9e pour obtenir un emploi et un visa pour travailler aux \u00c9tats-Unis, d\u00e9pensant beaucoup de temps et d'argent sans r\u00e9sultat. USponsor Me les guide vers les bonnes entreprises de parrainage en quelques minutes seulement.<\/p>\n\n\n\n<p>USponsor Me met en relation les candidats internationaux avec les entreprises am\u00e9ricaines ad\u00e9quates et aide les candidats tout au long du processus de placement.<\/p>\n\n\n\n<p>USponsor Me est un march\u00e9 de l'emploi et du recrutement en ligne qui propose des offres d'emploi pour les entreprises de parrainage bas\u00e9es aux \u00c9tats-Unis. Il a \u00e9t\u00e9 cr\u00e9\u00e9 en rassemblant plus de 6 millions de dossiers de demande de visa. La plateforme utilise un algorithme de pointe pour mettre en relation les candidats avec un r\u00e9seau d'entreprises.<\/p>\n\n\n\n<p><a href=\"https:\/\/usponsorme.com\/fr\/apropos\/\">Pour en savoir plus sur nous et l'\u00e9quipe, cliquez ici !<\/a><\/p>\n\n\n\n<h2 class=\"wp-block-heading\" id=\"h-our-story\">Notre histoire<\/h2>\n\n\n\n<p>Tout a commenc\u00e9 par un simple blog pour raconter \u00e0 notre famille et \u00e0 nos amis en France notre vie d'expatri\u00e9s \u00e0 New York.<\/p>\n\n\n\n<p>En 2014, nous (Maxime Hilaire et Sarah Papasodaro) avons trouv\u00e9 un emploi \u00e0 New York \u00e0 une semaine d'intervalle. Nos entreprises respectives nous ont sponsoris\u00e9s pour un visa de travail de 5 ans renouvelable. Nous avons fait cela sans mettre les pieds aux \u00c9tats-Unis (nous n'avons jamais eu d'ESTA). M\u00eame sans avoir de r\u00e9seau dans le pays ni d'opportunit\u00e9s rares et spectaculaires, il ne nous a fallu que trois mois pour trouver chacune un emploi.<\/p>\n\n\n\n<p>Puis, en avril 2015, j'ai commenc\u00e9 \u00e0 \u00e9crire le \"<a href=\"https:\/\/vivreaudeladesfrontieres.com\" target=\"_blank\" rel=\"noopener\">Vivre au-del\u00e0 des fronti\u00e8res<\/a>\"Nous avons cr\u00e9\u00e9 un blog pour raconter l'histoire de nos aventures aux \u00c9tats-Unis \u00e0 notre base, \u00e0 nos amis et \u00e0 nos familles.<\/p>\n\n\n\n<p>Mais le blog a pris une tournure passionnante et surprenante. Deux ans et demi apr\u00e8s sa cr\u00e9ation, 50 personnes s'\u00e9taient inscrites \u00e0 ma lettre d'information ! Ces personnes cherchaient des informations sur la mani\u00e8re de trouver un emploi aux \u00c9tats-Unis avec un visa.<\/p>\n\n\n\n<p>En discutant de ma situation, j'ai r\u00e9alis\u00e9 que notre histoire \u00e9tait incroyable et rare. J'ai \u00e9galement appris que s'installer aux \u00c9tats-Unis est un processus extr\u00eamement complexe. Les gens h\u00e9sitent parfois \u00e0 s'installer aux \u00c9tats-Unis.<strong>t ann\u00e9es<\/strong>&nbsp;avant de pouvoir enfin le faire.<\/p>\n\n\n\n<p>Pour travailler aux \u00c9tats-Unis, vous devez obtenir un visa de travail. Et pour obtenir un visa de travail, il faut un emploi. Mais les entreprises ne vous donneront pas de travail si vous n'avez pas de visa ! Ce cercle vicieux n'a pas de fin, et il n'a pas de fin. <strong>peut prendre des ann\u00e9es aux candidats pour le briser<\/strong>.<\/p>\n\n\n\n<p>Nous pensons qu'il est intol\u00e9rable que l'expatriation aux \u00c9tats-Unis soit si difficile. En 2018, Max et moi avons donc d\u00e9cid\u00e9 de travailler \u00e0 la cr\u00e9ation d'un concept innovant : une application web qui analyse le profil d'un candidat, calcule le meilleur visa pour ce candidat, et l'oriente vers des offres exclusivement dans son domaine au sein d'entreprises ayant d\u00e9j\u00e0 sponsoris\u00e9 ce type de visa.<\/p>\n\n\n\n<p><a href=\"https:\/\/usponsorme.com\/fr\/apropos\/\">Pour en savoir plus sur notre histoire, cliquez ici !<\/a><\/p>\n\n\n\n<h2 class=\"wp-block-heading\" id=\"h-press-releases\">Communiqu\u00e9s de presse<\/h2>\n\n\n\n<p>2019\/09: <a rel=\"noreferrer noopener\" aria-label=\" (s&#039;ouvre dans un nouvel onglet)\" href=\"https:\/\/www.einpresswire.com\/article\/496168990\/usponsorme-living-in-the-usa-yes-you-can\" target=\"_blank\">Lancement de USponsorMe pour les candidats internationaux<\/a><\/p>\n\n\n\n<h2 class=\"wp-block-heading\" id=\"h-contact-us\">Nous contacter<\/h2>\n\n\n\n<div class=\"wp-block-buttons is-content-justification-center is-layout-flex wp-container-core-buttons-is-layout-a89b3969 wp-block-buttons-is-layout-flex\">\n<div class=\"wp-block-button\"><a class=\"wp-block-button__link wp-element-button\" href=\"https:\/\/usponsorme.com\/fr\/partnership-request\/\">Nous contacter<\/a><\/div>\n<\/div>","protected":false},"excerpt":{"rendered":"<p>Download Assets They Talk About Us Conduire le candidat vers la bonne entreprise Sarah Papasodaro of USponsor Me: \u201cOnly delegate the repetitive tasks first\u201d Benefits For International Candidates Find your dream job in the United States and get a visa sponsorship. For U.S.-based Companies Launching soon: Access to&nbsp;unlimited talent from all over the world!&nbsp;Get Top [&hellip;]<\/p>\n","protected":false},"author":1,"featured_media":0,"parent":0,"menu_order":0,"comment_status":"closed","ping_status":"closed","template":"","meta":{"_uag_custom_page_level_css":"","site-sidebar-layout":"default","site-content-layout":"","ast-site-content-layout":"default","site-content-style":"default","site-sidebar-style":"default","ast-global-header-display":"","ast-banner-title-visibility":"","ast-main-header-display":"","ast-hfb-above-header-display":"","ast-hfb-below-header-display":"","ast-hfb-mobile-header-display":"","site-post-title":"","ast-breadcrumbs-content":"","ast-featured-img":"","footer-sml-layout":"","ast-disable-related-posts":"","theme-transparent-header-meta":"","adv-header-id-meta":"","stick-header-meta":"","header-above-stick-meta":"","header-main-stick-meta":"","header-below-stick-meta":"","astra-migrate-meta-layouts":"set","ast-page-background-enabled":"default","ast-page-background-meta":{"desktop":{"background-color":"","background-image":"","background-repeat":"repeat","background-position":"center center","background-size":"auto","background-attachment":"scroll","background-type":"","background-media":"","overlay-type":"","overlay-color":"","overlay-opacity":"","overlay-gradient":""},"tablet":{"background-color":"","background-image":"","background-repeat":"repeat","background-position":"center center","background-size":"auto","background-attachment":"scroll","background-type":"","background-media":"","overlay-type":"","overlay-color":"","overlay-opacity":"","overlay-gradient":""},"mobile":{"background-color":"","background-image":"","background-repeat":"repeat","background-position":"center center","background-size":"auto","background-attachment":"scroll","background-type":"","background-media":"","overlay-type":"","overlay-color":"","overlay-opacity":"","overlay-gradient":""}},"ast-content-background-meta":{"desktop":{"background-color":"var(--ast-global-color-5)","background-image":"","background-repeat":"repeat","background-position":"center center","background-size":"auto","background-attachment":"scroll","background-type":"","background-media":"","overlay-type":"","overlay-color":"","overlay-opacity":"","overlay-gradient":""},"tablet":{"background-color":"var(--ast-global-color-5)","background-image":"","background-repeat":"repeat","background-position":"center center","background-size":"auto","background-attachment":"scroll","background-type":"","background-media":"","overlay-type":"","overlay-color":"","overlay-opacity":"","overlay-gradient":""},"mobile":{"background-color":"var(--ast-global-color-5)","background-image":"","background-repeat":"repeat","background-position":"center center","background-size":"auto","background-attachment":"scroll","background-type":"","background-media":"","overlay-type":"","overlay-color":"","overlay-opacity":"","overlay-gradient":""}},"footnotes":""},"folder":[718],"class_list":["post-9387","page","type-page","status-publish","hentry"],"uagb_featured_image_src":{"full":false,"thumbnail":false,"medium":false,"medium_large":false,"large":false,"1536x1536":false,"2048x2048":false,"trp-custom-language-flag":false},"uagb_author_info":{"display_name":"Sarah Papasodaro","author_link":"https:\/\/usponsorme.com\/fr\/author\/spapasodaro\/"},"uagb_comment_info":0,"uagb_excerpt":"Download Assets They Talk About Us Conduire le candidat vers la bonne entreprise Sarah Papasodaro of USponsor Me: \u201cOnly delegate the repetitive tasks first\u201d Benefits For International Candidates Find your dream job in the United States and get a visa sponsorship. For U.S.-based Companies Launching soon: Access to&nbsp;unlimited talent from all over the world!&nbsp;Get Top\u2026","_links":{"self":[{"href":"https:\/\/usponsorme.com\/fr\/wp-json\/wp\/v2\/pages\/9387","targetHints":{"allow":["GET"]}}],"collection":[{"href":"https:\/\/usponsorme.com\/fr\/wp-json\/wp\/v2\/pages"}],"about":[{"href":"https:\/\/usponsorme.com\/fr\/wp-json\/wp\/v2\/types\/page"}],"author":[{"embeddable":true,"href":"https:\/\/usponsorme.com\/fr\/wp-json\/wp\/v2\/users\/1"}],"replies":[{"embeddable":true,"href":"https:\/\/usponsorme.com\/fr\/wp-json\/wp\/v2\/comments?post=9387"}],"version-history":[{"count":69,"href":"https:\/\/usponsorme.com\/fr\/wp-json\/wp\/v2\/pages\/9387\/revisions"}],"predecessor-version":[{"id":21622,"href":"https:\/\/usponsorme.com\/fr\/wp-json\/wp\/v2\/pages\/9387\/revisions\/21622"}],"wp:attachment":[{"href":"https:\/\/usponsorme.com\/fr\/wp-json\/wp\/v2\/media?parent=9387"}],"wp:term":[{"taxonomy":"folder","embeddable":true,"href":"https:\/\/usponsorme.com\/fr\/wp-json\/wp\/v2\/folder?post=9387"}],"curies":[{"name":"wp","href":"https:\/\/api.w.org\/{rel}","templated":true}]}}