{"id":7469,"date":"2019-07-03T01:15:12","date_gmt":"2019-07-03T01:15:12","guid":{"rendered":"http:\/\/usponsorme.com\/?page_id=7469"},"modified":"2026-04-08T22:05:49","modified_gmt":"2026-04-08T22:05:49","slug":"partnership-request","status":"publish","type":"page","link":"https:\/\/usponsorme.com\/fr\/partnership-request\/","title":{"rendered":"Demande de partenariat"},"content":{"rendered":"<p>\u00c9crivez-nous ci-dessous si vous souhaitez proposer une affiliation ou un partenariat.<\/p>\n\n\n\n<div class=\"wp-block-uagb-forms uagb-forms__outer-wrap uagb-block-f578cd9c uagb-forms__medium-btn\"><form class=\"uagb-forms-main-form\" method=\"post\" autocomplete=\"on\" name=\"uagb-form-f578cd9c\" action=\"\">\n<div class=\"wp-block-uagb-forms-name uagb-forms-name-wrap uagb-forms-field-set uagb-block-ad417897\"><div class=\"uagb-forms-name-label required uagb-forms-input-label\" id=\"ad417897\">Nom de l'entreprise<\/div><input type=\"text\" placeholder=\"MonEntreprise\" required class=\"uagb-forms-name-input uagb-forms-input\" name=\"ad417897\" autocomplete=\"organization\"\/><\/div>\n\n\n\n<div class=\"wp-block-uagb-forms-name uagb-forms-name-wrap uagb-forms-field-set uagb-block-4fd4071b\"><div class=\"uagb-forms-name-label required uagb-forms-input-label\" id=\"4fd4071b\">Site web de l'entreprise<\/div><input type=\"text\" placeholder=\"monentreprise.com\" required class=\"uagb-forms-name-input uagb-forms-input\" name=\"4fd4071b\" autocomplete=\"off\"\/><\/div>\n\n\n\n<div class=\"wp-block-uagb-forms-name uagb-forms-name-wrap uagb-forms-field-set uagb-block-21af3c9a\"><div class=\"uagb-forms-name-label required uagb-forms-input-label\" id=\"21af3c9a\">Nom complet<\/div><input type=\"text\" placeholder=\"Jean Dupont\" required class=\"uagb-forms-name-input uagb-forms-input\" name=\"21af3c9a\" autocomplete=\"name\"\/><\/div>\n\n\n\n<div class=\"wp-block-uagb-forms-name uagb-forms-name-wrap uagb-forms-field-set uagb-block-f4b2a227\"><div class=\"uagb-forms-name-label required uagb-forms-input-label\" id=\"f4b2a227\">Titre du poste<\/div><input type=\"text\" placeholder=\"Responsable du d\u00e9veloppement commercial\" required class=\"uagb-forms-name-input uagb-forms-input\" name=\"f4b2a227\" autocomplete=\"organization-title\"\/><\/div>\n\n\n\n<div class=\"wp-block-uagb-forms-email uagb-forms-email-wrap uagb-forms-field-set uagb-block-93e2bde5\"><div class=\"uagb-forms-email-label required uagb-forms-input-label\" id=\"93e2bde5\">Courriel professionnel<\/div><input type=\"email\" class=\"uagb-forms-email-input uagb-forms-input\" placeholder=\"example@mycompany.com\" required name=\"93e2bde5\" autocomplete=\"email\"\/><\/div>\n\n\n\n<div class=\"wp-block-uagb-forms-textarea uagb-forms-textarea-wrap uagb-forms-field-set uagb-block-cd053268\"><div class=\"uagb-forms-textarea-label required uagb-forms-input-label\" id=\"cd053268\">Message<\/div><textarea required class=\"uagb-forms-textarea-input uagb-forms-input\" rows=\"4\" placeholder=\"Saisissez votre message\" name=\"cd053268\" autocomplete=\"off\"><\/textarea><\/div>\n<div class=\"uagb-forms-form-hidden-data\"><input type=\"hidden\" class=\"uagb_forms_form_label\" value=\"Spectra Form\"\/><input type=\"hidden\" class=\"uagb_forms_form_id\" value=\"uagb-form-f578cd9c\"\/><\/div><div class=\"uagb-form-reacaptcha-error-f578cd9c\"><\/div><div class=\"uagb-forms-main-submit-button-wrap wp-block-button\"><button class=\"uagb-forms-main-submit-button wp-block-button__link\"><div class=\"uagb-forms-main-submit-button-text\">Soumettre<\/div><\/button><\/div><input type=\"hidden\" name=\"trp-form-language\" value=\"fr\"\/><\/form><div class=\"uagb-forms-success-message-f578cd9c uagb-forms-submit-message-hide\"><span>Le formulaire a \u00e9t\u00e9 soumis avec succ\u00e8s !<\/span><\/div><div class=\"uagb-forms-failed-message-f578cd9c uagb-forms-submit-message-hide\"><span>Une erreur s'est produite lors de l'envoi du formulaire. Veuillez v\u00e9rifier \u00e0 nouveau tous les champs du formulaire.<\/span><\/div><\/div>","protected":false},"excerpt":{"rendered":"<p>\u00c9crivez-nous ci-dessous si vous souhaitez proposer une affiliation ou un partenariat.<\/p>","protected":false},"author":12,"featured_media":0,"parent":0,"menu_order":0,"comment_status":"closed","ping_status":"closed","template":"","meta":{"_uag_custom_page_level_css":"","site-sidebar-layout":"default","site-content-layout":"","ast-site-content-layout":"default","site-content-style":"default","site-sidebar-style":"default","ast-global-header-display":"","ast-banner-title-visibility":"","ast-main-header-display":"","ast-hfb-above-header-display":"","ast-hfb-below-header-display":"","ast-hfb-mobile-header-display":"","site-post-title":"","ast-breadcrumbs-content":"disabled","ast-featured-img":"","footer-sml-layout":"","ast-disable-related-posts":"","theme-transparent-header-meta":"","adv-header-id-meta":"","stick-header-meta":"","header-above-stick-meta":"","header-main-stick-meta":"","header-below-stick-meta":"","astra-migrate-meta-layouts":"set","ast-page-background-enabled":"default","ast-page-background-meta":{"desktop":{"background-color":"","background-image":"","background-repeat":"repeat","background-position":"center center","background-size":"auto","background-attachment":"scroll","background-type":"","background-media":"","overlay-type":"","overlay-color":"","overlay-opacity":"","overlay-gradient":""},"tablet":{"background-color":"","background-image":"","background-repeat":"repeat","background-position":"center center","background-size":"auto","background-attachment":"scroll","background-type":"","background-media":"","overlay-type":"","overlay-color":"","overlay-opacity":"","overlay-gradient":""},"mobile":{"background-color":"","background-image":"","background-repeat":"repeat","background-position":"center center","background-size":"auto","background-attachment":"scroll","background-type":"","background-media":"","overlay-type":"","overlay-color":"","overlay-opacity":"","overlay-gradient":""}},"ast-content-background-meta":{"desktop":{"background-color":"var(--ast-global-color-5)","background-image":"","background-repeat":"repeat","background-position":"center center","background-size":"auto","background-attachment":"scroll","background-type":"","background-media":"","overlay-type":"","overlay-color":"","overlay-opacity":"","overlay-gradient":""},"tablet":{"background-color":"var(--ast-global-color-5)","background-image":"","background-repeat":"repeat","background-position":"center center","background-size":"auto","background-attachment":"scroll","background-type":"","background-media":"","overlay-type":"","overlay-color":"","overlay-opacity":"","overlay-gradient":""},"mobile":{"background-color":"var(--ast-global-color-5)","background-image":"","background-repeat":"repeat","background-position":"center center","background-size":"auto","background-attachment":"scroll","background-type":"","background-media":"","overlay-type":"","overlay-color":"","overlay-opacity":"","overlay-gradient":""}},"footnotes":""},"folder":[721],"class_list":["post-7469","page","type-page","status-publish","hentry"],"uagb_featured_image_src":{"full":false,"thumbnail":false,"medium":false,"medium_large":false,"large":false,"1536x1536":false,"2048x2048":false,"trp-custom-language-flag":false},"uagb_author_info":{"display_name":"Sarah Papasodaro - Admin","author_link":"https:\/\/usponsorme.com\/fr\/author\/spapasodaro_admin\/"},"uagb_comment_info":0,"uagb_excerpt":"Write us below if you want to propose an affiliation or partnership.","_links":{"self":[{"href":"https:\/\/usponsorme.com\/fr\/wp-json\/wp\/v2\/pages\/7469","targetHints":{"allow":["GET"]}}],"collection":[{"href":"https:\/\/usponsorme.com\/fr\/wp-json\/wp\/v2\/pages"}],"about":[{"href":"https:\/\/usponsorme.com\/fr\/wp-json\/wp\/v2\/types\/page"}],"author":[{"embeddable":true,"href":"https:\/\/usponsorme.com\/fr\/wp-json\/wp\/v2\/users\/12"}],"replies":[{"embeddable":true,"href":"https:\/\/usponsorme.com\/fr\/wp-json\/wp\/v2\/comments?post=7469"}],"version-history":[{"count":21,"href":"https:\/\/usponsorme.com\/fr\/wp-json\/wp\/v2\/pages\/7469\/revisions"}],"predecessor-version":[{"id":22758,"href":"https:\/\/usponsorme.com\/fr\/wp-json\/wp\/v2\/pages\/7469\/revisions\/22758"}],"wp:attachment":[{"href":"https:\/\/usponsorme.com\/fr\/wp-json\/wp\/v2\/media?parent=7469"}],"wp:term":[{"taxonomy":"folder","embeddable":true,"href":"https:\/\/usponsorme.com\/fr\/wp-json\/wp\/v2\/folder?post=7469"}],"curies":[{"name":"wp","href":"https:\/\/api.w.org\/{rel}","templated":true}]}}