{"id":22751,"date":"2026-04-08T22:02:59","date_gmt":"2026-04-08T22:02:59","guid":{"rendered":"https:\/\/usponsorme.com\/?page_id=22751"},"modified":"2026-04-08T22:06:38","modified_gmt":"2026-04-08T22:06:38","slug":"participants-contact","status":"publish","type":"page","link":"https:\/\/usponsorme.com\/fr\/participants-contact\/","title":{"rendered":"\u00c9tudiant, Professionnel, contactez-nous"},"content":{"rendered":"<div class=\"wp-block-uagb-forms uagb-forms__outer-wrap uagb-block-acfc86cb uagb-forms__medium-btn\"><form class=\"uagb-forms-main-form\" method=\"post\" autocomplete=\"on\" name=\"uagb-form-acfc86cb\" action=\"\">\n<div class=\"wp-block-uagb-forms-name uagb-forms-name-wrap uagb-forms-field-set uagb-block-45ab8858\"><div class=\"uagb-forms-name-label required uagb-forms-input-label\" id=\"45ab8858\">Nom complet<\/div><input type=\"text\" placeholder=\"Jean Dupont\" required class=\"uagb-forms-name-input uagb-forms-input\" name=\"45ab8858\" autocomplete=\"name\"\/><\/div>\n\n\n\n<div class=\"wp-block-uagb-forms-email uagb-forms-email-wrap uagb-forms-field-set uagb-block-160c7898\"><div class=\"uagb-forms-email-label required uagb-forms-input-label\" id=\"160c7898\">Courriel<\/div><input type=\"email\" class=\"uagb-forms-email-input uagb-forms-input\" placeholder=\"example@mycompany.com\" required name=\"160c7898\" autocomplete=\"email\"\/><\/div>\n\n\n\n<div class=\"wp-block-uagb-forms-textarea uagb-forms-textarea-wrap uagb-forms-field-set uagb-block-87a700ab\"><div class=\"uagb-forms-textarea-label required uagb-forms-input-label\" id=\"87a700ab\">Message<\/div><textarea required class=\"uagb-forms-textarea-input uagb-forms-input\" rows=\"4\" placeholder=\"Saisissez votre message\" name=\"87a700ab\" autocomplete=\"off\"><\/textarea><\/div>\n<div class=\"uagb-forms-form-hidden-data\"><input type=\"hidden\" id=\"g-recaptcha-response\" class=\"uagb-forms-recaptcha\"\/><input type=\"hidden\" class=\"uagb_forms_form_label\" value=\"Spectra Form\"\/><input type=\"hidden\" class=\"uagb_forms_form_id\" value=\"uagb-form-acfc86cb\"\/><\/div><div class=\"uagb-form-reacaptcha-error-acfc86cb\"><\/div><div class=\"uagb-forms-main-submit-button-wrap wp-block-button\"><button class=\"uagb-forms-main-submit-button wp-block-button__link\"><div class=\"uagb-forms-main-submit-button-text\">Soumettre<\/div><\/button><\/div><input type=\"hidden\" name=\"trp-form-language\" value=\"fr\"\/><\/form><div class=\"uagb-forms-success-message-acfc86cb uagb-forms-submit-message-hide\"><span>Le formulaire a \u00e9t\u00e9 soumis avec succ\u00e8s !<\/span><\/div><div class=\"uagb-forms-failed-message-acfc86cb uagb-forms-submit-message-hide\"><span>Une erreur s'est produite lors de l'envoi du formulaire. Veuillez v\u00e9rifier \u00e0 nouveau tous les champs du formulaire.<\/span><\/div><\/div>","protected":false},"excerpt":{"rendered":"","protected":false},"author":1,"featured_media":0,"parent":0,"menu_order":0,"comment_status":"closed","ping_status":"closed","template":"","meta":{"_uag_custom_page_level_css":"","site-sidebar-layout":"default","site-content-layout":"","ast-site-content-layout":"default","site-content-style":"default","site-sidebar-style":"default","ast-global-header-display":"","ast-banner-title-visibility":"","ast-main-header-display":"","ast-hfb-above-header-display":"","ast-hfb-below-header-display":"","ast-hfb-mobile-header-display":"","site-post-title":"","ast-breadcrumbs-content":"disabled","ast-featured-img":"","footer-sml-layout":"","ast-disable-related-posts":"","theme-transparent-header-meta":"","adv-header-id-meta":"","stick-header-meta":"","header-above-stick-meta":"","header-main-stick-meta":"","header-below-stick-meta":"","astra-migrate-meta-layouts":"set","ast-page-background-enabled":"default","ast-page-background-meta":{"desktop":{"background-color":"","background-image":"","background-repeat":"repeat","background-position":"center center","background-size":"auto","background-attachment":"scroll","background-type":"","background-media":"","overlay-type":"","overlay-color":"","overlay-opacity":"","overlay-gradient":""},"tablet":{"background-color":"","background-image":"","background-repeat":"repeat","background-position":"center center","background-size":"auto","background-attachment":"scroll","background-type":"","background-media":"","overlay-type":"","overlay-color":"","overlay-opacity":"","overlay-gradient":""},"mobile":{"background-color":"","background-image":"","background-repeat":"repeat","background-position":"center center","background-size":"auto","background-attachment":"scroll","background-type":"","background-media":"","overlay-type":"","overlay-color":"","overlay-opacity":"","overlay-gradient":""}},"ast-content-background-meta":{"desktop":{"background-color":"var(--ast-global-color-5)","background-image":"","background-repeat":"repeat","background-position":"center center","background-size":"auto","background-attachment":"scroll","background-type":"","background-media":"","overlay-type":"","overlay-color":"","overlay-opacity":"","overlay-gradient":""},"tablet":{"background-color":"var(--ast-global-color-5)","background-image":"","background-repeat":"repeat","background-position":"center center","background-size":"auto","background-attachment":"scroll","background-type":"","background-media":"","overlay-type":"","overlay-color":"","overlay-opacity":"","overlay-gradient":""},"mobile":{"background-color":"var(--ast-global-color-5)","background-image":"","background-repeat":"repeat","background-position":"center center","background-size":"auto","background-attachment":"scroll","background-type":"","background-media":"","overlay-type":"","overlay-color":"","overlay-opacity":"","overlay-gradient":""}},"footnotes":""},"folder":[718],"class_list":["post-22751","page","type-page","status-publish","hentry"],"uagb_featured_image_src":{"full":false,"thumbnail":false,"medium":false,"medium_large":false,"large":false,"1536x1536":false,"2048x2048":false,"trp-custom-language-flag":false},"uagb_author_info":{"display_name":"Sarah Papasodaro","author_link":"https:\/\/usponsorme.com\/fr\/author\/spapasodaro\/"},"uagb_comment_info":0,"uagb_excerpt":null,"_links":{"self":[{"href":"https:\/\/usponsorme.com\/fr\/wp-json\/wp\/v2\/pages\/22751","targetHints":{"allow":["GET"]}}],"collection":[{"href":"https:\/\/usponsorme.com\/fr\/wp-json\/wp\/v2\/pages"}],"about":[{"href":"https:\/\/usponsorme.com\/fr\/wp-json\/wp\/v2\/types\/page"}],"author":[{"embeddable":true,"href":"https:\/\/usponsorme.com\/fr\/wp-json\/wp\/v2\/users\/1"}],"replies":[{"embeddable":true,"href":"https:\/\/usponsorme.com\/fr\/wp-json\/wp\/v2\/comments?post=22751"}],"version-history":[{"count":2,"href":"https:\/\/usponsorme.com\/fr\/wp-json\/wp\/v2\/pages\/22751\/revisions"}],"predecessor-version":[{"id":22759,"href":"https:\/\/usponsorme.com\/fr\/wp-json\/wp\/v2\/pages\/22751\/revisions\/22759"}],"wp:attachment":[{"href":"https:\/\/usponsorme.com\/fr\/wp-json\/wp\/v2\/media?parent=22751"}],"wp:term":[{"taxonomy":"folder","embeddable":true,"href":"https:\/\/usponsorme.com\/fr\/wp-json\/wp\/v2\/folder?post=22751"}],"curies":[{"name":"wp","href":"https:\/\/api.w.org\/{rel}","templated":true}]}}