{"id":22696,"date":"2026-04-08T20:33:45","date_gmt":"2026-04-08T20:33:45","guid":{"rendered":"https:\/\/usponsorme.com\/?page_id=22696"},"modified":"2026-04-08T23:24:39","modified_gmt":"2026-04-08T23:24:39","slug":"participants","status":"publish","type":"page","link":"https:\/\/usponsorme.com\/fr\/participants\/","title":{"rendered":"Obtenez votre visa J-1 pour les \u00c9tats-Unis"},"content":{"rendered":"<div class=\"wp-block-uagb-container uagb-block-24d2a7b3 alignfull uagb-is-root-container\">\n<h1 class=\"wp-block-heading has-text-align-center has-ast-global-color-5-color has-text-color has-link-color wp-elements-3606c42342c1c377528127bea6ce119b\" style=\"margin-top:15px;margin-bottom:15px;padding-top:var(--wp--preset--spacing--20);padding-bottom:var(--wp--preset--spacing--20);font-size:40px\">Vous avez d\u00e9j\u00e0 une entreprise d'accueil aux \u00c9tats-Unis ?<\/h1>\n\n\n\n<h2 class=\"wp-block-heading has-text-align-center has-ast-global-color-5-color has-text-color has-link-color wp-elements-9c992330ab99cf8c4cc4efdced452a04\" style=\"padding-top:0;padding-bottom:0;font-size:57px\">Obtenez votre visa J-1 et commencez votre exp\u00e9rience am\u00e9ricaine<\/h2>\n\n\n\n\n\n<p class=\"has-text-align-center has-ast-global-color-5-color has-text-color has-link-color has-medium-font-size wp-elements-f92ace51430c6d781a66dca4c637e23a\" style=\"padding-top:var(--wp--preset--spacing--20);padding-bottom:var(--wp--preset--spacing--20)\">Nous vous guidons \u00e0 travers chaque \u00e9tape du processus de demande en toute simplicit\u00e9 et conformit\u00e9.<\/p>\n\n\n\n<div class=\"wp-block-buttons is-content-justification-center is-layout-flex wp-container-core-buttons-is-layout-71f8bbb2 wp-block-buttons-is-layout-flex\" style=\"margin-top:0;margin-bottom:0;padding-top:var(--wp--preset--spacing--20);padding-bottom:var(--wp--preset--spacing--20)\">\n<div class=\"wp-block-button\"><a class=\"wp-block-button__link has-ast-global-color-0-color has-ast-global-color-4-background-color has-text-color has-background has-link-color has-text-align-center wp-element-button\" href=\"https:\/\/usponsorme.com\/fr\/verification-eligibilite\/\">V\u00e9rifiez votre \u00e9ligibilit\u00e9<\/a><\/div>\n\n\n\n<div class=\"wp-block-button\"><a class=\"wp-block-button__link has-ast-global-color-0-color has-white-background-color has-text-color has-background has-link-color wp-element-button\" href=\"https:\/\/usponsorme.com\/fr\/participants-contact\/\">Demande d'information<\/a><\/div>\n<\/div>\n<\/div>\n\n\n\n<div class=\"wp-block-uagb-container uagb-block-80ba05d4 alignfull uagb-is-root-container\"><div class=\"uagb-container-inner-blocks-wrap\">\n<div class=\"wp-block-columns is-layout-flex wp-container-core-columns-is-layout-28f84493 wp-block-columns-is-layout-flex\">\n<div class=\"wp-block-column is-layout-flow wp-block-column-is-layout-flow\" style=\"flex-basis:66.66%\">\n<h3 class=\"wp-block-heading has-text-align-center\"><strong>V\u00e9rifiez instantan\u00e9ment votre \u00e9ligibilit\u00e9 pour le J1 en 30 secondes, gratuitement<\/strong><\/h3>\n<\/div>\n\n\n\n<div class=\"wp-block-column is-layout-flow wp-block-column-is-layout-flow\" style=\"flex-basis:33.33%\">\n<div class=\"wp-block-buttons is-vertical is-content-justification-center is-layout-flex wp-container-core-buttons-is-layout-47909919 wp-block-buttons-is-layout-flex\">\n<div class=\"wp-block-button\"><a class=\"wp-block-button__link wp-element-button\" href=\"https:\/\/usponsorme.com\/fr\/verification-eligibilite\/\">V\u00e9rifier l'\u00e9ligibilit\u00e9<\/a><\/div>\n<\/div>\n<\/div>\n<\/div>\n<\/div><\/div>\n\n\n\n<div class=\"wp-block-uagb-container uagb-block-23ef7544 alignfull uagb-is-root-container\"><div class=\"uagb-container-inner-blocks-wrap\">\n<h2 class=\"wp-block-heading has-text-align-center\">Espace ressources<\/h2>\n\n\n\n<section class=\"wp-block-uagb-columns uagb-columns__wrap uagb-columns__background-none uagb-columns__stack-mobile uagb-columns__valign- uagb-columns__gap-10 align uagb-block-45d5ceed uagb-columns__columns-2 uagb-columns__max_width-theme\"><div class=\"uagb-columns__overlay\"><\/div><div class=\"uagb-columns__inner-wrap uagb-columns__columns-2\">\n<div class=\"wp-block-uagb-column uagb-column__wrap uagb-column__background-undefined uagb-block-d0806fe2\"><div class=\"uagb-column__overlay\"><\/div>\n<div class=\"wp-block-uagb-image uagb-block-d45366ab wp-block-uagb-image--layout-default wp-block-uagb-image--effect-static wp-block-uagb-image--align-none\"><figure class=\"wp-block-uagb-image__figure\"><img decoding=\"async\" srcset=\"https:\/\/usponsorme.com\/wp-content\/uploads\/2025\/06\/Career-Advice.png ,https:\/\/usponsorme.com\/wp-content\/uploads\/2025\/06\/Career-Advice.png 780w, https:\/\/usponsorme.com\/wp-content\/uploads\/2025\/06\/Career-Advice.png 360w\" sizes=\"auto, (max-width: 480px) 150px\" src=\"https:\/\/usponsorme.com\/wp-content\/uploads\/2025\/06\/Career-Advice.png\" alt=\"\" class=\"uag-image-22220\" width=\"270\" height=\"310\" title=\"Conseils de carri\u00e8re\" loading=\"lazy\" role=\"img\"\/><\/figure><\/div>\n<\/div>\n\n\n\n<div class=\"wp-block-uagb-column uagb-column__wrap uagb-column__background-undefined uagb-block-a1ca6196\"><div class=\"uagb-column__overlay\"><\/div>\n<h3 class=\"wp-block-heading has-ast-global-color-0-color has-text-color has-link-color wp-elements-929fc2be471bb87a21fa2e08e1c6d6a4\">Conseils de carri\u00e8re<\/h3>\n\n\n\n<p class=\"has-text-align-left\">Explorez nos conseils d'experts, nos orientations et nos ressources pour vous aider \u00e0 naviguer dans votre parcours professionnel. Construisez et faites progresser votre carri\u00e8re, des strat\u00e9gies de recherche d'emploi \u00e0 la r\u00e9daction de CV, en passant par la pr\u00e9paration aux entretiens et le d\u00e9veloppement de carri\u00e8re.<\/p>\n\n\n\n<div class=\"wp-block-buttons is-layout-flex wp-block-buttons-is-layout-flex\">\n<div class=\"wp-block-button\"><a class=\"wp-block-button__link wp-element-button\" href=\"https:\/\/usponsorme.com\/fr\/conseils-carriere\/us-jobs\/\">Voir les conseils<\/a><\/div>\n<\/div>\n<\/div>\n<\/div><\/section>\n\n\n\n<section class=\"wp-block-uagb-columns uagb-columns__wrap uagb-columns__background-none uagb-columns__stack-mobile uagb-columns__valign- uagb-columns__gap-10 align uagb-columns__reverse-mobile uagb-block-0229afee uagb-columns__columns-2 uagb-columns__max_width-theme\"><div class=\"uagb-columns__overlay\"><\/div><div class=\"uagb-columns__inner-wrap uagb-columns__columns-2\">\n<div class=\"wp-block-uagb-column uagb-column__wrap uagb-column__background-undefined uagb-block-3ddb49e8\"><div class=\"uagb-column__overlay\"><\/div>\n<h3 class=\"wp-block-heading has-ast-global-color-0-color has-text-color has-link-color wp-elements-a815da502044815e5e8381a485a16757\">Visa J-1<\/h3>\n\n\n\n<p class=\"has-text-align-left\">Explorez le visa J-1 pour les stages et les programmes de formation, ainsi que d'autres cat\u00e9gories de visa J-1. Nous fournissons des informations sur les conditions d'\u00e9ligibilit\u00e9, le processus de candidature, les frais, la dur\u00e9e, le transfert de visa, et les options de visa avec famille, entre autres d\u00e9tails.<\/p>\n\n\n\n<div class=\"wp-block-buttons is-layout-flex wp-block-buttons-is-layout-flex\">\n<div class=\"wp-block-button\"><a class=\"wp-block-button__link wp-element-button\" href=\"https:\/\/usponsorme.com\/fr\/visa-j1\/visa-j1-trainee\/\">Voir visa J1<\/a><\/div>\n<\/div>\n<\/div>\n\n\n\n<div class=\"wp-block-uagb-column uagb-column__wrap uagb-column__background-undefined uagb-block-1327ced3\"><div class=\"uagb-column__overlay\"><\/div>\n<div class=\"wp-block-uagb-image uagb-block-013199ab wp-block-uagb-image--layout-default wp-block-uagb-image--effect-static wp-block-uagb-image--align-none\"><figure class=\"wp-block-uagb-image__figure\"><img decoding=\"async\" srcset=\"https:\/\/usponsorme.com\/wp-content\/uploads\/2025\/06\/US-Visas.png ,https:\/\/usponsorme.com\/wp-content\/uploads\/2025\/06\/US-Visas.png 780w, https:\/\/usponsorme.com\/wp-content\/uploads\/2025\/06\/US-Visas.png 360w\" sizes=\"auto, (max-width: 480px) 150px\" src=\"https:\/\/usponsorme.com\/wp-content\/uploads\/2025\/06\/US-Visas.png\" alt=\"\" class=\"uag-image-22244\" width=\"270\" height=\"310\" title=\"Visas am\u00e9ricains\" loading=\"lazy\" role=\"img\"\/><\/figure><\/div>\n<\/div>\n<\/div><\/section>\n\n\n\n<section class=\"wp-block-uagb-columns uagb-columns__wrap uagb-columns__background-none uagb-columns__stack-mobile uagb-columns__valign- uagb-columns__gap-10 align uagb-block-f748eb09 uagb-columns__columns-2 uagb-columns__max_width-theme\"><div class=\"uagb-columns__overlay\"><\/div><div class=\"uagb-columns__inner-wrap uagb-columns__columns-2\">\n<div class=\"wp-block-uagb-column uagb-column__wrap uagb-column__background-undefined uagb-block-7d9cab36\"><div class=\"uagb-column__overlay\"><\/div>\n<div class=\"wp-block-uagb-image uagb-block-732c6fdb wp-block-uagb-image--layout-default wp-block-uagb-image--effect-static wp-block-uagb-image--align-none\"><figure class=\"wp-block-uagb-image__figure\"><img decoding=\"async\" srcset=\"https:\/\/usponsorme.com\/wp-content\/uploads\/2025\/06\/Case-Studies.png ,https:\/\/usponsorme.com\/wp-content\/uploads\/2025\/06\/Case-Studies.png 780w, https:\/\/usponsorme.com\/wp-content\/uploads\/2025\/06\/Case-Studies.png 360w\" sizes=\"auto, (max-width: 480px) 150px\" src=\"https:\/\/usponsorme.com\/wp-content\/uploads\/2025\/06\/Case-Studies.png\" alt=\"\" class=\"uag-image-22268\" width=\"270\" height=\"310\" title=\"\u00c9tudes de cas\" loading=\"lazy\" role=\"img\"\/><\/figure><\/div>\n<\/div>\n\n\n\n<div class=\"wp-block-uagb-column uagb-column__wrap uagb-column__background-undefined uagb-block-239e9900\"><div class=\"uagb-column__overlay\"><\/div>\n<h3 class=\"wp-block-heading has-ast-global-color-0-color has-text-color has-link-color wp-elements-38669b2cb731cb7b8ec1b28cef1d4333\">\u00c9tudes de cas<\/h3>\n\n\n\n<p class=\"has-text-align-left\">Vous n'\u00eates pas seul ! D\u00e9couvrez des exemples concrets et des exemples de r\u00e9ussite montrant comment des personnes comme vous ont relev\u00e9 des d\u00e9fis sp\u00e9cifiques et atteint leurs objectifs aux \u00c9tats-Unis. Chaque \u00e9tude de cas fournit des informations, des strat\u00e9gies et des r\u00e9sultats.<\/p>\n\n\n\n<div class=\"wp-block-buttons is-layout-flex wp-block-buttons-is-layout-flex\">\n<div class=\"wp-block-button\"><a class=\"wp-block-button__link wp-element-button\" href=\"https:\/\/usponsorme.com\/fr\/temoignages-avis\/\">Voir les \u00e9tudes de cas<\/a><\/div>\n<\/div>\n<\/div>\n<\/div><\/section>\n\n\n\n<section class=\"wp-block-uagb-columns uagb-columns__wrap uagb-columns__background-none uagb-columns__stack-mobile uagb-columns__valign- uagb-columns__gap-10 align uagb-columns__reverse-mobile uagb-block-1b2cd2b3 uagb-columns__columns-2 uagb-columns__max_width-theme\"><div class=\"uagb-columns__overlay\"><\/div><div class=\"uagb-columns__inner-wrap uagb-columns__columns-2\">\n<div class=\"wp-block-uagb-column uagb-column__wrap uagb-column__background-undefined uagb-block-d68dfaeb\"><div class=\"uagb-column__overlay\"><\/div>\n<h3 class=\"wp-block-heading has-ast-global-color-0-color has-text-color has-link-color wp-elements-01d9be3cbb8ff367a30a630ebdb7fc09\">Autres visas am\u00e9ricains<\/h3>\n\n\n\n<p class=\"has-text-align-left\">Explorez les autres visas am\u00e9ricains, les visas de travail. Nous fournissons des informations sur les cat\u00e9gories de visas, les crit\u00e8res d'\u00e9ligibilit\u00e9, le processus de demande, les frais, la dur\u00e9e, le transfert de visa et les options de visa avec la famille, entre autres d\u00e9tails.<\/p>\n\n\n\n<div class=\"wp-block-buttons is-layout-flex wp-block-buttons-is-layout-flex\">\n<div class=\"wp-block-button\"><a class=\"wp-block-button__link wp-element-button\" href=\"https:\/\/usponsorme.com\/fr\/visas-americains\/american-visas\/\">Voir les autres visas<\/a><\/div>\n<\/div>\n<\/div>\n\n\n\n<div class=\"wp-block-uagb-column uagb-column__wrap uagb-column__background-undefined uagb-block-87324990\"><div class=\"uagb-column__overlay\"><\/div>\n<div class=\"wp-block-uagb-image uagb-block-c74d9057 wp-block-uagb-image--layout-default wp-block-uagb-image--effect-static wp-block-uagb-image--align-none\"><figure class=\"wp-block-uagb-image__figure\"><img decoding=\"async\" srcset=\"https:\/\/usponsorme.com\/wp-content\/uploads\/2026\/04\/Construction-Workers.png ,https:\/\/usponsorme.com\/wp-content\/uploads\/2026\/04\/Construction-Workers.png 780w, https:\/\/usponsorme.com\/wp-content\/uploads\/2026\/04\/Construction-Workers.png 360w\" sizes=\"auto, (max-width: 480px) 150px\" src=\"https:\/\/usponsorme.com\/wp-content\/uploads\/2026\/04\/Construction-Workers.png\" alt=\"Ouvriers du b\u00e2timent\" class=\"uag-image-22741\" width=\"270\" height=\"310\" title=\"Ouvriers du b\u00e2timent\" loading=\"lazy\" role=\"img\"\/><\/figure><\/div>\n<\/div>\n<\/div><\/section>\n<\/div><\/div>\n\n\n\n<div class=\"wp-block-uagb-container uagb-layout-flex uagb-block-1cf84f0e alignfull uagb-is-root-container\">\n<h3 class=\"wp-block-heading has-text-align-center\" id=\"h-get-your-job-faster-and-easier-with-less-stress-and-more-support\"><strong>V\u00e9rifiez instantan\u00e9ment votre \u00e9ligibilit\u00e9 pour le J1 en 30 secondes, gratuitement<\/strong><\/h3>\n\n\n\n<div class=\"wp-block-buttons is-content-justification-center is-layout-flex wp-container-core-buttons-is-layout-a89b3969 wp-block-buttons-is-layout-flex\">\n<div class=\"wp-block-button jobs\"><a class=\"wp-block-button__link wp-element-button\" href=\"https:\/\/usponsorme.com\/fr\/verification-eligibilite\/\">V\u00e9rifier l'\u00e9ligibilit\u00e9<\/a><\/div>\n<\/div>\n<\/div>\n\n\n\n<div style=\"height:30px\" aria-hidden=\"true\" class=\"wp-block-spacer\"><\/div>","protected":false},"excerpt":{"rendered":"<p>Already Have a U.S. Host Company? Get Your J-1 Visa and Start Your U.S. Experience We guide you through every step of the application process with ease and compliance. Instantly verify your eligibility for J1 in 30 seconds, for free Resource Library Career Advice Explore our expert tips, guidance, and resources to help you navigate [&hellip;]<\/p>\n","protected":false},"author":1,"featured_media":0,"parent":0,"menu_order":0,"comment_status":"closed","ping_status":"closed","template":"","meta":{"_uag_custom_page_level_css":"","site-sidebar-layout":"default","site-content-layout":"","ast-site-content-layout":"full-width-container","site-content-style":"unboxed","site-sidebar-style":"unboxed","ast-global-header-display":"","ast-banner-title-visibility":"","ast-main-header-display":"","ast-hfb-above-header-display":"","ast-hfb-below-header-display":"","ast-hfb-mobile-header-display":"","site-post-title":"disabled","ast-breadcrumbs-content":"disabled","ast-featured-img":"","footer-sml-layout":"","ast-disable-related-posts":"","theme-transparent-header-meta":"","adv-header-id-meta":"","stick-header-meta":"","header-above-stick-meta":"","header-main-stick-meta":"","header-below-stick-meta":"","astra-migrate-meta-layouts":"set","ast-page-background-enabled":"default","ast-page-background-meta":{"desktop":{"background-color":"","background-image":"","background-repeat":"repeat","background-position":"center center","background-size":"auto","background-attachment":"scroll","background-type":"","background-media":"","overlay-type":"","overlay-color":"","overlay-opacity":"","overlay-gradient":""},"tablet":{"background-color":"","background-image":"","background-repeat":"repeat","background-position":"center center","background-size":"auto","background-attachment":"scroll","background-type":"","background-media":"","overlay-type":"","overlay-color":"","overlay-opacity":"","overlay-gradient":""},"mobile":{"background-color":"","background-image":"","background-repeat":"repeat","background-position":"center center","background-size":"auto","background-attachment":"scroll","background-type":"","background-media":"","overlay-type":"","overlay-color":"","overlay-opacity":"","overlay-gradient":""}},"ast-content-background-meta":{"desktop":{"background-color":"var(--ast-global-color-5)","background-image":"","background-repeat":"repeat","background-position":"center center","background-size":"auto","background-attachment":"scroll","background-type":"","background-media":"","overlay-type":"","overlay-color":"","overlay-opacity":"","overlay-gradient":""},"tablet":{"background-color":"var(--ast-global-color-5)","background-image":"","background-repeat":"repeat","background-position":"center center","background-size":"auto","background-attachment":"scroll","background-type":"","background-media":"","overlay-type":"","overlay-color":"","overlay-opacity":"","overlay-gradient":""},"mobile":{"background-color":"var(--ast-global-color-5)","background-image":"","background-repeat":"repeat","background-position":"center center","background-size":"auto","background-attachment":"scroll","background-type":"","background-media":"","overlay-type":"","overlay-color":"","overlay-opacity":"","overlay-gradient":""}},"footnotes":""},"folder":[718],"class_list":["post-22696","page","type-page","status-publish","hentry"],"uagb_featured_image_src":{"full":false,"thumbnail":false,"medium":false,"medium_large":false,"large":false,"1536x1536":false,"2048x2048":false,"trp-custom-language-flag":false},"uagb_author_info":{"display_name":"Sarah Papasodaro","author_link":"https:\/\/usponsorme.com\/fr\/author\/spapasodaro\/"},"uagb_comment_info":0,"uagb_excerpt":"Already Have a U.S. Host Company? Get Your J-1 Visa and Start Your U.S. Experience We guide you through every step of the application process with ease and compliance. Instantly verify your eligibility for J1 in 30 seconds, for free Resource Library Career Advice Explore our expert tips, guidance, and resources to help you navigate\u2026","_links":{"self":[{"href":"https:\/\/usponsorme.com\/fr\/wp-json\/wp\/v2\/pages\/22696","targetHints":{"allow":["GET"]}}],"collection":[{"href":"https:\/\/usponsorme.com\/fr\/wp-json\/wp\/v2\/pages"}],"about":[{"href":"https:\/\/usponsorme.com\/fr\/wp-json\/wp\/v2\/types\/page"}],"author":[{"embeddable":true,"href":"https:\/\/usponsorme.com\/fr\/wp-json\/wp\/v2\/users\/1"}],"replies":[{"embeddable":true,"href":"https:\/\/usponsorme.com\/fr\/wp-json\/wp\/v2\/comments?post=22696"}],"version-history":[{"count":8,"href":"https:\/\/usponsorme.com\/fr\/wp-json\/wp\/v2\/pages\/22696\/revisions"}],"predecessor-version":[{"id":22760,"href":"https:\/\/usponsorme.com\/fr\/wp-json\/wp\/v2\/pages\/22696\/revisions\/22760"}],"wp:attachment":[{"href":"https:\/\/usponsorme.com\/fr\/wp-json\/wp\/v2\/media?parent=22696"}],"wp:term":[{"taxonomy":"folder","embeddable":true,"href":"https:\/\/usponsorme.com\/fr\/wp-json\/wp\/v2\/folder?post=22696"}],"curies":[{"name":"wp","href":"https:\/\/api.w.org\/{rel}","templated":true}]}}