{"id":21454,"date":"2025-04-24T19:24:19","date_gmt":"2025-04-24T19:24:19","guid":{"rendered":"https:\/\/usponsorme.com\/?page_id=21454"},"modified":"2026-04-18T04:17:38","modified_gmt":"2026-04-18T04:17:38","slug":"eligibility","status":"publish","type":"page","link":"https:\/\/usponsorme.com\/fr\/eligibility\/","title":{"rendered":"\u00c9ligibilit\u00e9"},"content":{"rendered":"<div style=\"height:30px\" aria-hidden=\"true\" class=\"wp-block-spacer\"><\/div>\n\n\n\n<div class=\"wp-block-uagb-tabs uagb-block-3ade053d uagb-tabs__wrap uagb-tabs__hstyle1-desktop uagb-tabs__vstyle6-tablet uagb-tabs__stack1-mobile\" data-tab-active=\"0\"><ul class=\"uagb-tabs__panel uagb-tabs__align-left\" role=\"tablist\"><li class=\"uagb-tab uagb-tabs__active\" role=\"none\"><a href=\"#uagb-tabs__tab0\" class=\"uagb-tabs-list uagb-tabs__icon-position-left\" data-tab=\"0\" role=\"tab\"><div>Employeur am\u00e9ricain<\/div><\/a><\/li><li class=\"uagb-tab\" role=\"none\"><a href=\"#uagb-tabs__tab1\" class=\"uagb-tabs-list uagb-tabs__icon-position-left\" data-tab=\"1\" role=\"tab\"><div>Formation<\/div><\/a><\/li><li class=\"uagb-tab\" role=\"none\"><a href=\"#uagb-tabs__tab2\" class=\"uagb-tabs-list uagb-tabs__icon-position-left\" data-tab=\"2\" role=\"tab\"><div>\u00c9tudiant<\/div><\/a><\/li><li class=\"uagb-tab\" role=\"none\"><a href=\"#uagb-tabs__tab3\" class=\"uagb-tabs-list uagb-tabs__icon-position-left\" data-tab=\"3\" role=\"tab\"><div>Professionnel<\/div><\/a><\/li><\/ul><div class=\"uagb-tabs__body-wrap\">\n<div class=\"wp-block-uagb-tabs-child uagb-tabs__body-container uagb-inner-tab-0\" aria-labelledby=\"uagb-tabs__tab0\">\n<p>Nous v\u00e9rifierons que l'entreprise d'accueil remplit les conditions du programme J-1, notamment la stabilit\u00e9, un espace de travail d\u00e9di\u00e9 et une supervision qualifi\u00e9e, afin d'assurer le succ\u00e8s du programme J-1.<\/p>\n\n\n\n<ul class=\"wp-block-list\">\n<li>Licence\/enregistrement d'entreprise actif<\/li>\n\n\n\n<li>Au moins un an d'exploitation continue (ou une exp\u00e9rience dans le secteur) avec au moins 5 employ\u00e9s, OU une filiale soutenue par une holding internationale<\/li>\n\n\n\n<li>Infrastructures ad\u00e9quates (locaux, mat\u00e9riel, technologie) pour soutenir la formation<\/li>\n<\/ul>\n<\/div>\n\n\n\n<div class=\"wp-block-uagb-tabs-child uagb-tabs__body-container uagb-inner-tab-1\" aria-labelledby=\"uagb-tabs__tab1\">\n<p>La formation doit relever de l'une des cat\u00e9gories professionnelles suivantes :<\/p>\n\n\n\n<ul class=\"wp-block-list\">\n<li>Agriculture, foresterie et p\u00eache<\/li>\n\n\n\n<li>Arts et culture<\/li>\n\n\n\n<li>Construction et m\u00e9tiers du b\u00e2timent<\/li>\n\n\n\n<li>\u00c9ducation, Sciences sociales, Sciences de l'information, Conseiller, et Services sociaux<\/li>\n\n\n\n<li>Professions de la sant\u00e9<\/li>\n\n\n\n<li>H\u00f4tellerie et tourisme<\/li>\n\n\n\n<li>M\u00e9dias et technologies de l'information et de la communication<\/li>\n\n\n\n<li>Management, Affaires, Commerce et Finance<\/li>\n\n\n\n<li>Administration publique et droit<\/li>\n\n\n\n<li>Les sciences, l'ing\u00e9nierie, l'architecture, les math\u00e9matiques et les professions industrielles<\/li>\n<\/ul>\n\n\n\n<p>Les stagiaires ne peuvent pas occuper des postes qui exigent ou impliquent la garde d'enfants ou de personnes \u00e2g\u00e9es, ni aucun type de poste impliquant la garde ou le contact avec des patients.<\/p>\n\n\n\n<p>La formation doit renforcer les comp\u00e9tences et l'expertise du participant dans son domaine acad\u00e9mique ou professionnel. Cela signifie :<\/p>\n\n\n\n<ul class=\"wp-block-list\">\n<li>La formation ne peut pas reproduire l'exp\u00e9rience professionnelle ou la formation ant\u00e9rieure d'un participant,<\/li>\n\n\n\n<li>Et il ne peut pas impliquer des postes de travail non qualifi\u00e9s ou occasionnels, ou ceux qui n\u00e9cessitent plus de 20 % de travail de bureau ou de soutien administratif.<\/li>\n<\/ul>\n<\/div>\n\n\n\n<div class=\"wp-block-uagb-tabs-child uagb-tabs__body-container uagb-inner-tab-2\" aria-labelledby=\"uagb-tabs__tab2\">\n<div class=\"wp-block-uagb-container uagb-block-5c6fa5cb alignfull uagb-is-root-container\"><div class=\"uagb-container-inner-blocks-wrap\">\n<p>Le participant doit satisfaire \u00e0 l'une des exigences suivantes pour \u00eatre admissible au programme J-1 :<\/p>\n\n\n\n<div class=\"wp-block-uagb-container uagb-layout-flex uagb-block-fe17d553 alignwide uagb-is-root-container\">\n<ul class=\"wp-block-list\">\n<li>Le participant est inscrit dans un \u00e9tablissement d'enseignement sup\u00e9rieur non am\u00e9ricain,<\/li>\n\n\n\n<li>et ach\u00e8veront leur formation aux \u00c9tats-Unis dans le m\u00eame domaine que leur domaine d'\u00e9tudes avec leur entreprise d'accueil.<\/li>\n<\/ul>\n<\/div>\n\n\n\n<p class=\"has-text-align-center has-ast-global-color-0-color has-text-color has-large-font-size\"><strong>OU<\/strong><\/p>\n\n\n\n<div class=\"wp-block-uagb-container uagb-layout-flex uagb-block-35c31416 alignwide uagb-is-root-container\">\n<ul class=\"wp-block-list\">\n<li>Le participant a obtenu son dipl\u00f4me d'un \u00e9tablissement d'enseignement sup\u00e9rieur non am\u00e9ricain au cours des 12 derniers mois,<\/li>\n\n\n\n<li>et ach\u00e8veront leur formation aux \u00c9tats-Unis dans le m\u00eame domaine que leur domaine d'\u00e9tudes avec leur entreprise d'accueil.<\/li>\n<\/ul>\n<\/div>\n<\/div><\/div>\n\n\n\n<div style=\"height:20px\" aria-hidden=\"true\" class=\"wp-block-spacer\"><\/div>\n\n\n\n<p class=\"has-text-align-center has-ast-global-color-0-color has-text-color has-large-font-size\"><strong>ET<\/strong><\/p>\n\n\n\n<p>Le participant doit \u00eatre r\u00e9sident ou citoyen de l'un de ces pays :<\/p>\n\n\n\n<figure class=\"wp-block-table is-style-stripes\"><table class=\"has-ast-global-color-8-background-color has-background has-fixed-layout mtr-table mtr-tr-td\"><tbody><tr><td data-mtr-content=\"Australia\" class=\"mtr-td-tag\"><div class=\"mtr-cell-content\">Australie<\/div><\/td><td data-mtr-content=\"Austria\" class=\"mtr-td-tag\"><div class=\"mtr-cell-content\">Autriche<\/div><\/td><td data-mtr-content=\"Belgium\" class=\"mtr-td-tag\"><div class=\"mtr-cell-content\">Belgique<\/div><\/td><td data-mtr-content=\"Canada\" class=\"mtr-td-tag\"><div class=\"mtr-cell-content\">Canada<\/div><\/td><\/tr><tr><td data-mtr-content=\"Australia\" class=\"mtr-td-tag\"><div class=\"mtr-cell-content\">Chili<\/div><\/td><td data-mtr-content=\"Austria\" class=\"mtr-td-tag\"><div class=\"mtr-cell-content\">Danemark<\/div><\/td><td data-mtr-content=\"Belgium\" class=\"mtr-td-tag\"><div class=\"mtr-cell-content\">Finlande<\/div><\/td><td data-mtr-content=\"Canada\" class=\"mtr-td-tag\"><div class=\"mtr-cell-content\">France<\/div><\/td><\/tr><tr><td data-mtr-content=\"Australia\" class=\"mtr-td-tag\"><div class=\"mtr-cell-content\">Allemagne<\/div><\/td><td data-mtr-content=\"Austria\" class=\"mtr-td-tag\"><div class=\"mtr-cell-content\">Hong Kong<\/div><\/td><td data-mtr-content=\"Belgium\" class=\"mtr-td-tag\"><div class=\"mtr-cell-content\">Irlande<\/div><\/td><td data-mtr-content=\"Canada\" class=\"mtr-td-tag\"><div class=\"mtr-cell-content\">Italie<\/div><\/td><\/tr><tr><td data-mtr-content=\"Australia\" class=\"mtr-td-tag\"><div class=\"mtr-cell-content\">Japon<\/div><\/td><td data-mtr-content=\"Austria\" class=\"mtr-td-tag\"><div class=\"mtr-cell-content\">Luxembourg<\/div><\/td><td data-mtr-content=\"Belgium\" class=\"mtr-td-tag\"><div class=\"mtr-cell-content\">Pays-Bas<\/div><\/td><td data-mtr-content=\"Canada\" class=\"mtr-td-tag\"><div class=\"mtr-cell-content\">Nouvelle-Z\u00e9lande<\/div><\/td><\/tr><tr><td data-mtr-content=\"Australia\" class=\"mtr-td-tag\"><div class=\"mtr-cell-content\">Norv\u00e8ge<\/div><\/td><td data-mtr-content=\"Austria\" class=\"mtr-td-tag\"><div class=\"mtr-cell-content\">Pologne<\/div><\/td><td data-mtr-content=\"Belgium\" class=\"mtr-td-tag\"><div class=\"mtr-cell-content\">Portugal<\/div><\/td><td data-mtr-content=\"Canada\" class=\"mtr-td-tag\"><div class=\"mtr-cell-content\">Arabie Saoudite<\/div><\/td><\/tr><tr><td data-mtr-content=\"Australia\" class=\"mtr-td-tag\"><div class=\"mtr-cell-content\">Singapour<\/div><\/td><td data-mtr-content=\"Austria\" class=\"mtr-td-tag\"><div class=\"mtr-cell-content\">Cor\u00e9e du Sud<\/div><\/td><td data-mtr-content=\"Belgium\" class=\"mtr-td-tag\"><div class=\"mtr-cell-content\">Espagne<\/div><\/td><td data-mtr-content=\"Canada\" class=\"mtr-td-tag\"><div class=\"mtr-cell-content\">Su\u00e8de<\/div><\/td><\/tr><tr><td data-mtr-content=\"Australia\" class=\"mtr-td-tag\"><div class=\"mtr-cell-content\">Suisse<\/div><\/td><td data-mtr-content=\"Austria\" class=\"mtr-td-tag\"><div class=\"mtr-cell-content\">Ta\u00efwan<\/div><\/td><td data-mtr-content=\"Belgium\" class=\"mtr-td-tag\"><div class=\"mtr-cell-content\">Royaume-Uni<\/div><\/td><td data-mtr-content=\"Canada\" class=\"mtr-td-tag\"><div class=\"mtr-cell-content\">Uruguay<\/div><\/td><\/tr><\/tbody><\/table><\/figure>\n<\/div>\n\n\n\n<div class=\"wp-block-uagb-tabs-child uagb-tabs__body-container uagb-inner-tab-3\" aria-labelledby=\"uagb-tabs__tab3\">\n<div class=\"wp-block-uagb-container uagb-block-831b405d alignfull uagb-is-root-container\"><div class=\"uagb-container-inner-blocks-wrap\">\n<p>Le participant doit satisfaire \u00e0 l'une des exigences suivantes pour \u00eatre admissible au programme J-1 :<\/p>\n\n\n\n<div class=\"wp-block-uagb-container uagb-layout-flex uagb-block-a22b7f2f alignwide uagb-is-root-container\">\n<ul class=\"wp-block-list\">\n<li>Le participant est dipl\u00f4m\u00e9 d'un \u00e9tablissement d'enseignement sup\u00e9rieur non am\u00e9ricain,<\/li>\n\n\n\n<li>a au moins 1 an d'exp\u00e9rience \u00e0 temps plein en dehors des \u00c9tats-Unis,<\/li>\n\n\n\n<li>et effectueront leur formation aux \u00c9tats-Unis dans le m\u00eame domaine que leur exp\u00e9rience et leur domaine d'\u00e9tudes aupr\u00e8s de leur entreprise d'accueil.<\/li>\n<\/ul>\n<\/div>\n\n\n\n<p class=\"has-text-align-center has-ast-global-color-0-color has-text-color has-large-font-size\"><strong>OU<\/strong><\/p>\n\n\n\n<div class=\"wp-block-uagb-container uagb-layout-flex uagb-block-83b10528 alignwide uagb-is-root-container\">\n<ul class=\"wp-block-list\">\n<li>Le participant poss\u00e8de au moins 5 ans d'exp\u00e9rience \u00e0 temps plein en dehors des \u00c9tats-Unis d'Am\u00e9rique,<\/li>\n\n\n\n<li>et ach\u00e8veront leur formation aux \u00c9tats-Unis dans le m\u00eame domaine que leur exp\u00e9rience avec leur entreprise d'accueil.<\/li>\n<\/ul>\n<\/div>\n<\/div><\/div>\n\n\n\n<div style=\"height:20px\" aria-hidden=\"true\" class=\"wp-block-spacer\"><\/div>\n\n\n\n<p class=\"has-text-align-center has-ast-global-color-0-color has-text-color has-large-font-size\"><strong>ET<\/strong><\/p>\n\n\n\n<p>Le participant doit \u00eatre r\u00e9sident ou citoyen de l'un de ces pays :<\/p>\n\n\n\n<figure class=\"wp-block-table is-style-stripes\"><table class=\"has-ast-global-color-8-background-color has-background has-fixed-layout mtr-table mtr-tr-td\"><tbody><tr><td data-mtr-content=\"Australia\" class=\"mtr-td-tag\"><div class=\"mtr-cell-content\">Australie<\/div><\/td><td data-mtr-content=\"Austria\" class=\"mtr-td-tag\"><div class=\"mtr-cell-content\">Autriche<\/div><\/td><td data-mtr-content=\"Belgium\" class=\"mtr-td-tag\"><div class=\"mtr-cell-content\">Belgique<\/div><\/td><td data-mtr-content=\"Canada\" class=\"mtr-td-tag\"><div class=\"mtr-cell-content\">Canada<\/div><\/td><\/tr><tr><td data-mtr-content=\"Australia\" class=\"mtr-td-tag\"><div class=\"mtr-cell-content\">Chili<\/div><\/td><td data-mtr-content=\"Austria\" class=\"mtr-td-tag\"><div class=\"mtr-cell-content\">Danemark<\/div><\/td><td data-mtr-content=\"Belgium\" class=\"mtr-td-tag\"><div class=\"mtr-cell-content\">Finlande<\/div><\/td><td data-mtr-content=\"Canada\" class=\"mtr-td-tag\"><div class=\"mtr-cell-content\">France<\/div><\/td><\/tr><tr><td data-mtr-content=\"Australia\" class=\"mtr-td-tag\"><div class=\"mtr-cell-content\">Allemagne<\/div><\/td><td data-mtr-content=\"Austria\" class=\"mtr-td-tag\"><div class=\"mtr-cell-content\">Hong Kong<\/div><\/td><td data-mtr-content=\"Belgium\" class=\"mtr-td-tag\"><div class=\"mtr-cell-content\">Irlande<\/div><\/td><td data-mtr-content=\"Canada\" class=\"mtr-td-tag\"><div class=\"mtr-cell-content\">Italie<\/div><\/td><\/tr><tr><td data-mtr-content=\"Australia\" class=\"mtr-td-tag\"><div class=\"mtr-cell-content\">Japon<\/div><\/td><td data-mtr-content=\"Austria\" class=\"mtr-td-tag\"><div class=\"mtr-cell-content\">Luxembourg<\/div><\/td><td data-mtr-content=\"Belgium\" class=\"mtr-td-tag\"><div class=\"mtr-cell-content\">Pays-Bas<\/div><\/td><td data-mtr-content=\"Canada\" class=\"mtr-td-tag\"><div class=\"mtr-cell-content\">Nouvelle-Z\u00e9lande<\/div><\/td><\/tr><tr><td data-mtr-content=\"Australia\" class=\"mtr-td-tag\"><div class=\"mtr-cell-content\">Norv\u00e8ge<\/div><\/td><td data-mtr-content=\"Austria\" class=\"mtr-td-tag\"><div class=\"mtr-cell-content\">Pologne<\/div><\/td><td data-mtr-content=\"Belgium\" class=\"mtr-td-tag\"><div class=\"mtr-cell-content\">Portugal<\/div><\/td><td data-mtr-content=\"Canada\" class=\"mtr-td-tag\"><div class=\"mtr-cell-content\">Arabie Saoudite<\/div><\/td><\/tr><tr><td data-mtr-content=\"Australia\" class=\"mtr-td-tag\"><div class=\"mtr-cell-content\">Singapour<\/div><\/td><td data-mtr-content=\"Austria\" class=\"mtr-td-tag\"><div class=\"mtr-cell-content\">Cor\u00e9e du Sud<\/div><\/td><td data-mtr-content=\"Belgium\" class=\"mtr-td-tag\"><div class=\"mtr-cell-content\">Espagne<\/div><\/td><td data-mtr-content=\"Canada\" class=\"mtr-td-tag\"><div class=\"mtr-cell-content\">Su\u00e8de<\/div><\/td><\/tr><tr><td data-mtr-content=\"Australia\" class=\"mtr-td-tag\"><div class=\"mtr-cell-content\">Suisse<\/div><\/td><td data-mtr-content=\"Austria\" class=\"mtr-td-tag\"><div class=\"mtr-cell-content\">Ta\u00efwan<\/div><\/td><td data-mtr-content=\"Belgium\" class=\"mtr-td-tag\"><div class=\"mtr-cell-content\">Royaume-Uni<\/div><\/td><td data-mtr-content=\"Canada\" class=\"mtr-td-tag\"><div class=\"mtr-cell-content\">Uruguay<\/div><\/td><\/tr><\/tbody><\/table><\/figure>\n<\/div>\n<\/div><\/div>\n\n\n\n<div style=\"height:30px\" aria-hidden=\"true\" class=\"wp-block-spacer\"><\/div>\n\n\n\n<div class=\"wp-block-uagb-marketing-button uagb-marketing-btn__align-center uagb-marketing-btn__align-text-center uagb-marketing-btn__icon-after uagb-block-5cde245a wp-block-button\"><a href=\"https:\/\/usponsorme.com\/fr\/verification-eligibilite\/\" class=\"uagb-marketing-btn__link wp-block-button__link\" target=\"\" rel=\"noopener noreferrer\"><span class=\"uagb-marketing-btn__title\">V\u00e9rifiez votre \u00e9ligibilit\u00e9<\/span><svg xmlns=\"https:\/\/www.w3.org\/2000\/svg\" viewbox=\"0 0 512 512\"><path d=\"M384 320c-17.67 0-32 14.33-32 32v96H64V160h96c17.67 0 32-14.32 32-32s-14.33-32-32-32L64 96c-35.35 0-64 28.65-64 64V448c0 35.34 28.65 64 64 64h288c35.35 0 64-28.66 64-64v-96C416 334.3 401.7 320 384 320zM488 0H352c-12.94 0-24.62 7.797-29.56 19.75c-4.969 11.97-2.219 25.72 6.938 34.88L370.8 96L169.4 297.4c-12.5 12.5-12.5 32.75 0 45.25C175.6 348.9 183.8 352 192 352s16.38-3.125 22.62-9.375L416 141.3l41.38 41.38c9.156 9.141 22.88 11.84 34.88 6.938C504.2 184.6 512 172.9 512 160V24C512 10.74 501.3 0 488 0z\"><\/path><\/svg><p class=\"uagb-marketing-btn__prefix\">Un doute sur votre \u00e9ligibilit\u00e9 ? V\u00e9rifiez votre \u00e9ligibilit\u00e9 aupr\u00e8s de notre \u00e9quipe !<\/p><\/a><\/div>","protected":false},"excerpt":{"rendered":"","protected":false},"author":16,"featured_media":0,"parent":0,"menu_order":0,"comment_status":"closed","ping_status":"closed","template":"","meta":{"_uag_custom_page_level_css":"","site-sidebar-layout":"default","site-content-layout":"","ast-site-content-layout":"default","site-content-style":"default","site-sidebar-style":"default","ast-global-header-display":"","ast-banner-title-visibility":"","ast-main-header-display":"","ast-hfb-above-header-display":"","ast-hfb-below-header-display":"","ast-hfb-mobile-header-display":"","site-post-title":"","ast-breadcrumbs-content":"disabled","ast-featured-img":"","footer-sml-layout":"","ast-disable-related-posts":"","theme-transparent-header-meta":"","adv-header-id-meta":"","stick-header-meta":"","header-above-stick-meta":"","header-main-stick-meta":"","header-below-stick-meta":"","astra-migrate-meta-layouts":"set","ast-page-background-enabled":"default","ast-page-background-meta":{"desktop":{"background-color":"","background-image":"","background-repeat":"repeat","background-position":"center center","background-size":"auto","background-attachment":"scroll","background-type":"","background-media":"","overlay-type":"","overlay-color":"","overlay-opacity":"","overlay-gradient":""},"tablet":{"background-color":"","background-image":"","background-repeat":"repeat","background-position":"center center","background-size":"auto","background-attachment":"scroll","background-type":"","background-media":"","overlay-type":"","overlay-color":"","overlay-opacity":"","overlay-gradient":""},"mobile":{"background-color":"","background-image":"","background-repeat":"repeat","background-position":"center center","background-size":"auto","background-attachment":"scroll","background-type":"","background-media":"","overlay-type":"","overlay-color":"","overlay-opacity":"","overlay-gradient":""}},"ast-content-background-meta":{"desktop":{"background-color":"var(--ast-global-color-5)","background-image":"","background-repeat":"repeat","background-position":"center center","background-size":"auto","background-attachment":"scroll","background-type":"","background-media":"","overlay-type":"","overlay-color":"","overlay-opacity":"","overlay-gradient":""},"tablet":{"background-color":"var(--ast-global-color-5)","background-image":"","background-repeat":"repeat","background-position":"center center","background-size":"auto","background-attachment":"scroll","background-type":"","background-media":"","overlay-type":"","overlay-color":"","overlay-opacity":"","overlay-gradient":""},"mobile":{"background-color":"var(--ast-global-color-5)","background-image":"","background-repeat":"repeat","background-position":"center center","background-size":"auto","background-attachment":"scroll","background-type":"","background-media":"","overlay-type":"","overlay-color":"","overlay-opacity":"","overlay-gradient":""}},"footnotes":""},"folder":[718],"class_list":["post-21454","page","type-page","status-publish","hentry"],"uagb_featured_image_src":{"full":false,"thumbnail":false,"medium":false,"medium_large":false,"large":false,"1536x1536":false,"2048x2048":false,"trp-custom-language-flag":false},"uagb_author_info":{"display_name":"Maxime Hilaire","author_link":"https:\/\/usponsorme.com\/fr\/author\/mhilaire_admin\/"},"uagb_comment_info":0,"uagb_excerpt":null,"_links":{"self":[{"href":"https:\/\/usponsorme.com\/fr\/wp-json\/wp\/v2\/pages\/21454","targetHints":{"allow":["GET"]}}],"collection":[{"href":"https:\/\/usponsorme.com\/fr\/wp-json\/wp\/v2\/pages"}],"about":[{"href":"https:\/\/usponsorme.com\/fr\/wp-json\/wp\/v2\/types\/page"}],"author":[{"embeddable":true,"href":"https:\/\/usponsorme.com\/fr\/wp-json\/wp\/v2\/users\/16"}],"replies":[{"embeddable":true,"href":"https:\/\/usponsorme.com\/fr\/wp-json\/wp\/v2\/comments?post=21454"}],"version-history":[{"count":49,"href":"https:\/\/usponsorme.com\/fr\/wp-json\/wp\/v2\/pages\/21454\/revisions"}],"predecessor-version":[{"id":22953,"href":"https:\/\/usponsorme.com\/fr\/wp-json\/wp\/v2\/pages\/21454\/revisions\/22953"}],"wp:attachment":[{"href":"https:\/\/usponsorme.com\/fr\/wp-json\/wp\/v2\/media?parent=21454"}],"wp:term":[{"taxonomy":"folder","embeddable":true,"href":"https:\/\/usponsorme.com\/fr\/wp-json\/wp\/v2\/folder?post=21454"}],"curies":[{"name":"wp","href":"https:\/\/api.w.org\/{rel}","templated":true}]}}