{"id":21369,"date":"2025-04-22T16:33:31","date_gmt":"2025-04-22T16:33:31","guid":{"rendered":"https:\/\/usponsorme.com\/?page_id=21369"},"modified":"2025-04-25T03:43:47","modified_gmt":"2025-04-25T03:43:47","slug":"j1-visa","status":"publish","type":"page","link":"https:\/\/usponsorme.com\/fr\/support\/j1-visa\/","title":{"rendered":"Visa J1"},"content":{"rendered":"<div class=\"wp-block-uagb-faq uagb-faq__outer-wrap uagb-block-29358ac6 uagb-faq-icon-row uagb-faq-layout-accordion uagb-faq-expand-first-false uagb-faq-inactive-other-true uagb-faq__wrap uagb-buttons-layout-wrap uagb-faq-equal-height     \" data-faqtoggle=\"true\" role=\"tablist\"><script type=\"application\/ld+json\">{\"@context\":\"https:\\\/\\\/schema.org\",\"@type\":\"FAQPage\",\"@id\":\"https:\\\/\\\/usponsorme.com\\\/fr\\\/support\\\/j1-visa\\\/\",\"mainEntity\":[{\"@type\":\"Question\",\"name\":\"Is there any age limit?\",\"acceptedAnswer\":{\"@type\":\"Answer\",\"text\":\"There is no age restriction for getting the J1 Intern or Trainee visa. For self-placement, <strong>we accept candidates who are older than 34 years old<\\\/strong>, provided we can demonstrate that they will enhance their skills and expertise\\u00a0in their academic or occupational fields through participation in the J1 program. Our goal is for our candidates to take their careers to the next level, gaining valuable personal and professional experience in the United States.<br><br>The majority of candidates who pass this age have already reached high-level or senior-level positions in the occupational field they wish to pursue, and proving their J1 participation will enhance their skills and expertise is more challenging. You should understand that identifying qualified candidates over 35 years old is a more time-consuming process, as it is a case-by-case evaluation. Some J1 sponsors impose an age limit to reduce costs, but we do not. We specialize <strong>in advanced management trainee programs for future executives<\\\/strong> and have a high success rate of visa approval at the U.S. embassy.<br><br><a href=\\\"https:\\\/\\\/quickcheck.paperform.co\\\/\\\">Apply now, and see if you qualify<\\\/a>\"}},{\"@type\":\"Question\",\"name\":\"Can I change employers during my J-1 visa?\",\"acceptedAnswer\":{\"@type\":\"Answer\",\"text\":\"Yes, you are allowed to change employers during your J-1 visa, but only under specific circumstances, as outlined in U.S. Department of State regulations, and with our approval. Here's when and how a transfer might be allowed:<br>- Your host company can no longer host you (e.g., they shut down, can no longer offer training, or violate program conditions).<br>- Major issues at the host site (e.g., unsafe working conditions, harassment).<br>- The current placement does not align with the DS7002, and a better-fit host is available.<br><br>This must be well-documented and reported to us. This might result in a possible site visit by the sponsor for any decisions.<br><br>Wanting a higher salary, a more exciting city, or better hours is <strong>not a valid reason<\\\/strong>.<br><br>If it's through self-placement, you'll need to find a new host company to transfer your J-1 visa on your own. If it's through our career program, we will do our best to find a suitable replacement for you with another host company.<br><br>If there is a violation of your J-1 program obligations or U.S. law, it may result in the immediate termination of your J-1 status, and we will not permit any J-1 transfer.\"}},{\"@type\":\"Question\",\"name\":\"What happens if my visa is denied at the U.S. embassy?\",\"acceptedAnswer\":{\"@type\":\"Answer\",\"text\":\"In the event of a visa denial at the U.S. Embassy, you must notify us within three business days of the denial and return the original Form DS-2019, along with proof of the denial from the Embassy or Consulate, within 10 business days from the date of the denial to be eligible for a resubmission or a refund. <br><br>If this is not a firm denial, we will resubmit your application with your approval, following the reason for the denial, at no extra cost, so you can reattend\\u00a0the appointment at the embassy. We can do up to three attendances.<br><br>If this is a firm denial or if you do not wish to resubmit your application, we will proceed with the refund in accordance with our refund policy.<br><br>Please note that we have achieved a 95% success rate in visa approvals at the US Embassy so far, with a 100% success rate in Europe and Canada.\"}}]}<\/script><div class=\"wp-block-uagb-faq-child uagb-faq-child__outer-wrap uagb-faq-item uagb-block-6db902f9 \" role=\"tab\" tabindex=\"0\"><div class=\"uagb-faq-questions-button uagb-faq-questions\">\t\t\t<span class=\"uagb-icon uagb-faq-icon-wrap\">\n\t\t\t\t\t\t\t\t<svg xmlns=\"https:\/\/www.w3.org\/2000\/svg\" viewBox= \"0 0 448 512\"><path d=\"M432 256c0 17.69-14.33 32.01-32 32.01H256v144c0 17.69-14.33 31.99-32 31.99s-32-14.3-32-31.99v-144H48c-17.67 0-32-14.32-32-32.01s14.33-31.99 32-31.99H192v-144c0-17.69 14.33-32.01 32-32.01s32 14.32 32 32.01v144h144C417.7 224 432 238.3 432 256z\"><\/path><\/svg>\n\t\t\t\t\t\t\t<\/span>\n\t\t\t\t\t\t<span class=\"uagb-icon-active uagb-faq-icon-wrap\">\n\t\t\t\t\t\t\t\t<svg xmlns=\"https:\/\/www.w3.org\/2000\/svg\" viewBox= \"0 0 448 512\"><path d=\"M400 288h-352c-17.69 0-32-14.32-32-32.01s14.31-31.99 32-31.99h352c17.69 0 32 14.3 32 31.99S417.7 288 400 288z\"><\/path><\/svg>\n\t\t\t\t\t\t\t<\/span>\n\t\t\t<span class=\"uagb-question\">Is there any age limit?<\/span><\/div><div class=\"uagb-faq-content\"><p>There is no age restriction for getting the J1 Intern or Trainee visa. For self-placement, <strong>we accept candidates who are older than 34 years old<\/strong>, provided we can demonstrate that they will enhance their skills and expertise\u00a0in their academic or occupational fields through participation in the J1 program. Our goal is for our candidates to take their careers to the next level, gaining valuable personal and professional experience in the United States.<br><br>The majority of candidates who pass this age have already reached high-level or senior-level positions in the occupational field they wish to pursue, and proving their J1 participation will enhance their skills and expertise is more challenging. You should understand that identifying qualified candidates over 35 years old is a more time-consuming process, as it is a case-by-case evaluation. Some J1 sponsors impose an age limit to reduce costs, but we do not. We specialize <strong>in advanced management trainee programs for future executives<\/strong> and have a high success rate of visa approval at the U.S. embassy.<br><br><a href=\"https:\/\/quickcheck.paperform.co\/\" target=\"_blank\" rel=\"noopener\">Apply now, and see if you qualify<\/a><\/p><\/div><\/div><div class=\"wp-block-uagb-faq-child uagb-faq-child__outer-wrap uagb-faq-item uagb-block-5d1fd370 \" role=\"tab\" tabindex=\"0\"><div class=\"uagb-faq-questions-button uagb-faq-questions\">\t\t\t<span class=\"uagb-icon uagb-faq-icon-wrap\">\n\t\t\t\t\t\t\t\t<svg xmlns=\"https:\/\/www.w3.org\/2000\/svg\" viewBox= \"0 0 448 512\"><path d=\"M432 256c0 17.69-14.33 32.01-32 32.01H256v144c0 17.69-14.33 31.99-32 31.99s-32-14.3-32-31.99v-144H48c-17.67 0-32-14.32-32-32.01s14.33-31.99 32-31.99H192v-144c0-17.69 14.33-32.01 32-32.01s32 14.32 32 32.01v144h144C417.7 224 432 238.3 432 256z\"><\/path><\/svg>\n\t\t\t\t\t\t\t<\/span>\n\t\t\t\t\t\t<span class=\"uagb-icon-active uagb-faq-icon-wrap\">\n\t\t\t\t\t\t\t\t<svg xmlns=\"https:\/\/www.w3.org\/2000\/svg\" viewBox= \"0 0 448 512\"><path d=\"M400 288h-352c-17.69 0-32-14.32-32-32.01s14.31-31.99 32-31.99h352c17.69 0 32 14.3 32 31.99S417.7 288 400 288z\"><\/path><\/svg>\n\t\t\t\t\t\t\t<\/span>\n\t\t\t<span class=\"uagb-question\">Can I change employers during my J-1 visa?<\/span><\/div><div class=\"uagb-faq-content\"><p>Yes, you are allowed to change employers during your J-1 visa, but only under specific circumstances, as outlined in U.S. Department of State regulations, and with our approval. Here&#8217;s when and how a transfer might be allowed:<br>&#8211; Your host company can no longer host you (e.g., they shut down, can no longer offer training, or violate program conditions).<br>&#8211; Major issues at the host site (e.g., unsafe working conditions, harassment).<br>&#8211; The current placement does not align with the DS7002, and a better-fit host is available.<br><br>This must be well-documented and reported to us. This might result in a possible site visit by the sponsor for any decisions.<br><br>Wanting a higher salary, a more exciting city, or better hours is <strong>not a valid reason<\/strong>.<br><br>If it&#8217;s through self-placement, you&#8217;ll need to find a new host company to transfer your J-1 visa on your own. If it&#8217;s through our career program, we will do our best to find a suitable replacement for you with another host company.<br><br>If there is a violation of your J-1 program obligations or U.S. law, it may result in the immediate termination of your J-1 status, and we will not permit any J-1 transfer.<\/p><\/div><\/div><div class=\"wp-block-uagb-faq-child uagb-faq-child__outer-wrap uagb-faq-item uagb-block-dfe011ee \" role=\"tab\" tabindex=\"0\"><div class=\"uagb-faq-questions-button uagb-faq-questions\">\t\t\t<span class=\"uagb-icon uagb-faq-icon-wrap\">\n\t\t\t\t\t\t\t\t<svg xmlns=\"https:\/\/www.w3.org\/2000\/svg\" viewBox= \"0 0 448 512\"><path d=\"M432 256c0 17.69-14.33 32.01-32 32.01H256v144c0 17.69-14.33 31.99-32 31.99s-32-14.3-32-31.99v-144H48c-17.67 0-32-14.32-32-32.01s14.33-31.99 32-31.99H192v-144c0-17.69 14.33-32.01 32-32.01s32 14.32 32 32.01v144h144C417.7 224 432 238.3 432 256z\"><\/path><\/svg>\n\t\t\t\t\t\t\t<\/span>\n\t\t\t\t\t\t<span class=\"uagb-icon-active uagb-faq-icon-wrap\">\n\t\t\t\t\t\t\t\t<svg xmlns=\"https:\/\/www.w3.org\/2000\/svg\" viewBox= \"0 0 448 512\"><path d=\"M400 288h-352c-17.69 0-32-14.32-32-32.01s14.31-31.99 32-31.99h352c17.69 0 32 14.3 32 31.99S417.7 288 400 288z\"><\/path><\/svg>\n\t\t\t\t\t\t\t<\/span>\n\t\t\t<span class=\"uagb-question\">What happens if my visa is denied at the U.S. embassy?<\/span><\/div><div class=\"uagb-faq-content\"><p>In the event of a visa denial at the U.S. Embassy, you must notify us within three business days of the denial and return the original Form DS-2019, along with proof of the denial from the Embassy or Consulate, within 10 business days from the date of the denial to be eligible for a resubmission or a refund. <br><br>If this is not a firm denial, we will resubmit your application with your approval, following the reason for the denial, at no extra cost, so you can reattend\u00a0the appointment at the embassy. We can do up to three attendances.<br><br>If this is a firm denial or if you do not wish to resubmit your application, we will proceed with the refund in accordance with our refund policy.<br><br>Please note that we have achieved a 95% success rate in visa approvals at the US Embassy so far, with a 100% success rate in Europe and Canada.<\/p><\/div><\/div><\/div>\n\n\n<div style=\"height:50px\" aria-hidden=\"true\" class=\"wp-block-spacer\"><\/div>\n\n\n\n<div class=\"wp-block-group is-layout-constrained wp-block-group-is-layout-constrained\"><div class=\"wp-block-group__inner-container\">\n<p><strong>For further questions: <\/strong><\/p>\n\n\n\n\n\n<p>Explore the other topics on your left.<\/p>\n\n\n\n<p>If your question has not been answered, <a href=\"https:\/\/app.usponsorme.com\/contactus\">contact us here<\/a> or email us at support@usponsorme.com. Feel free to ask us anything.<\/p>\n<\/div><\/div>\n\n\n\n<p><\/p>\n","protected":false},"excerpt":{"rendered":"<p>Pour d'autres questions : Explorez les autres sujets sur votre gauche. Si vous n'avez pas trouv\u00e9 de r\u00e9ponse \u00e0 votre question, contactez-nous ici ou envoyez-nous un courriel \u00e0 support@usponsorme.com. N'h\u00e9sitez pas \u00e0 nous poser des questions.<\/p>","protected":false},"author":1,"featured_media":0,"parent":13526,"menu_order":0,"comment_status":"closed","ping_status":"closed","template":"","meta":{"_uag_custom_page_level_css":"","site-sidebar-layout":"left-sidebar","site-content-layout":"","ast-site-content-layout":"normal-width-container","site-content-style":"unboxed","site-sidebar-style":"default","ast-global-header-display":"","ast-banner-title-visibility":"","ast-main-header-display":"","ast-hfb-above-header-display":"","ast-hfb-below-header-display":"","ast-hfb-mobile-header-display":"","site-post-title":"","ast-breadcrumbs-content":"","ast-featured-img":"","footer-sml-layout":"","ast-disable-related-posts":"","theme-transparent-header-meta":"","adv-header-id-meta":"","stick-header-meta":"","header-above-stick-meta":"","header-main-stick-meta":"","header-below-stick-meta":"","astra-migrate-meta-layouts":"set","ast-page-background-enabled":"default","ast-page-background-meta":{"desktop":{"background-color":"","background-image":"","background-repeat":"repeat","background-position":"center center","background-size":"auto","background-attachment":"scroll","background-type":"","background-media":"","overlay-type":"","overlay-color":"","overlay-opacity":"","overlay-gradient":""},"tablet":{"background-color":"","background-image":"","background-repeat":"repeat","background-position":"center center","background-size":"auto","background-attachment":"scroll","background-type":"","background-media":"","overlay-type":"","overlay-color":"","overlay-opacity":"","overlay-gradient":""},"mobile":{"background-color":"","background-image":"","background-repeat":"repeat","background-position":"center center","background-size":"auto","background-attachment":"scroll","background-type":"","background-media":"","overlay-type":"","overlay-color":"","overlay-opacity":"","overlay-gradient":""}},"ast-content-background-meta":{"desktop":{"background-color":"var(--ast-global-color-5)","background-image":"","background-repeat":"repeat","background-position":"center center","background-size":"auto","background-attachment":"scroll","background-type":"","background-media":"","overlay-type":"","overlay-color":"","overlay-opacity":"","overlay-gradient":""},"tablet":{"background-color":"var(--ast-global-color-5)","background-image":"","background-repeat":"repeat","background-position":"center center","background-size":"auto","background-attachment":"scroll","background-type":"","background-media":"","overlay-type":"","overlay-color":"","overlay-opacity":"","overlay-gradient":""},"mobile":{"background-color":"var(--ast-global-color-5)","background-image":"","background-repeat":"repeat","background-position":"center center","background-size":"auto","background-attachment":"scroll","background-type":"","background-media":"","overlay-type":"","overlay-color":"","overlay-opacity":"","overlay-gradient":""}},"footnotes":""},"folder":[4277],"class_list":["post-21369","page","type-page","status-publish","hentry"],"uagb_featured_image_src":{"full":false,"thumbnail":false,"medium":false,"medium_large":false,"large":false,"1536x1536":false,"2048x2048":false,"trp-custom-language-flag":false},"uagb_author_info":{"display_name":"Sarah Papasodaro","author_link":"https:\/\/usponsorme.com\/fr\/author\/spapasodaro\/"},"uagb_comment_info":0,"uagb_excerpt":"For further questions: Explore the other topics on your left. If your question has not been answered, contact us here or email us at support@usponsorme.com. Feel free to ask us anything.","_links":{"self":[{"href":"https:\/\/usponsorme.com\/fr\/wp-json\/wp\/v2\/pages\/21369","targetHints":{"allow":["GET"]}}],"collection":[{"href":"https:\/\/usponsorme.com\/fr\/wp-json\/wp\/v2\/pages"}],"about":[{"href":"https:\/\/usponsorme.com\/fr\/wp-json\/wp\/v2\/types\/page"}],"author":[{"embeddable":true,"href":"https:\/\/usponsorme.com\/fr\/wp-json\/wp\/v2\/users\/1"}],"replies":[{"embeddable":true,"href":"https:\/\/usponsorme.com\/fr\/wp-json\/wp\/v2\/comments?post=21369"}],"version-history":[{"count":3,"href":"https:\/\/usponsorme.com\/fr\/wp-json\/wp\/v2\/pages\/21369\/revisions"}],"predecessor-version":[{"id":21381,"href":"https:\/\/usponsorme.com\/fr\/wp-json\/wp\/v2\/pages\/21369\/revisions\/21381"}],"up":[{"embeddable":true,"href":"https:\/\/usponsorme.com\/fr\/wp-json\/wp\/v2\/pages\/13526"}],"wp:attachment":[{"href":"https:\/\/usponsorme.com\/fr\/wp-json\/wp\/v2\/media?parent=21369"}],"wp:term":[{"taxonomy":"folder","embeddable":true,"href":"https:\/\/usponsorme.com\/fr\/wp-json\/wp\/v2\/folder?post=21369"}],"curies":[{"name":"wp","href":"https:\/\/api.w.org\/{rel}","templated":true}]}}