{"id":21217,"date":"2025-04-24T17:03:40","date_gmt":"2025-04-24T17:03:40","guid":{"rendered":"https:\/\/usponsorme.com\/?page_id=21217"},"modified":"2026-04-21T22:04:21","modified_gmt":"2026-04-21T22:04:21","slug":"fees","status":"publish","type":"page","link":"https:\/\/usponsorme.com\/fr\/fees\/","title":{"rendered":"Nos tarifs"},"content":{"rendered":"<p>Les prix sont en dollars am\u00e9ricains.<\/p>\n\n\n\n<div class=\"wp-block-uagb-container uagb-block-4d5f0c59 alignfull uagb-is-root-container\">\n<div class=\"wp-block-columns is-layout-flex wp-container-core-columns-is-layout-28f84493 wp-block-columns-is-layout-flex\">\n<div class=\"wp-block-column is-vertically-aligned-center is-layout-flow wp-block-column-is-layout-flow\">\n<h2 class=\"wp-block-heading has-text-align-center has-ast-global-color-0-color has-text-color has-link-color wp-elements-822fa18075cea9d2d8cc2879c473d8e9\" style=\"font-size:60px\"><strong>$1,995<\/strong><\/h2>\n\n\n\n<p class=\"has-text-align-center\">Frais de visa<\/p>\n<\/div>\n\n\n\n<div class=\"wp-block-column is-vertically-aligned-center is-layout-flow wp-block-column-is-layout-flow\">      \n\t\t\t<div class=\"uagb-icon-wrapper uagb-block-7045c8ec\"\n\t\t\tstyle=\"\" >\n\t\t\t\t\t\t\t\t\t<span class=\"uagb-svg-wrapper\" \n\t\t\t\t\t aria-label=\"plus\"\t\t\t\t\ttabindex=\"0\">\t\t\n\t\t\t\t\t\t\t\t\t\t<svg xmlns=\"https:\/\/www.w3.org\/2000\/svg\" viewbox= \"0 0 448 512\" role=\"graphics-symbol\" aria-hidden=\"false\" aria-label=\"\"><path d=\"M432 256c0 17.69-14.33 32.01-32 32.01H256v144c0 17.69-14.33 31.99-32 31.99s-32-14.3-32-31.99v-144H48c-17.67 0-32-14.32-32-32.01s14.33-31.99 32-31.99H192v-144c0-17.69 14.33-32.01 32-32.01s32 14.32 32 32.01v144h144C417.7 224 432 238.3 432 256z\"><\/path><\/svg>\n\t\t\t\t\t\t\t\t\t<\/span>\n\t\t\t\t\t\t\t<\/div>\n\t\t\t<\/div>\n\n\n\n<div class=\"wp-block-column is-vertically-aligned-center is-layout-flow wp-block-column-is-layout-flow\">\n<h2 class=\"wp-block-heading has-text-align-center has-ast-global-color-0-color has-text-color has-link-color wp-elements-37cd33cb69ad832f6a2a6231a30e67d5\" style=\"font-size:60px\"><strong><strong>$99 \/mois<\/strong><\/strong>*<\/h2>\n\n\n\n<p class=\"has-text-align-center\">Assurance maladie<\/p>\n<\/div>\n<\/div>\n<\/div>\n\n\n\n<p class=\"has-medium-font-size\"><strong>Les frais de visa comprennent :<\/strong><\/p>\n\n\n\n<ul style=\"margin-right:5px;margin-left:5px;padding-top:0;padding-right:var(--wp--preset--spacing--20);padding-bottom:0;padding-left:var(--wp--preset--spacing--20)\" class=\"wp-block-list\">\n<li>R\u00e9daction du DS7002 (plan de formation)<\/li>\n\n\n\n<li>Full application package preparation and personalized guidance<\/li>\n\n\n\n<li>On-site visit<\/li>\n\n\n\n<li>Traitement et d\u00e9livrance du DS-2019<\/li>\n\n\n\n<li>Orientation et autres services de conseil avant le d\u00e9part<\/li>\n\n\n\n<li>Surveillance continue de la conformit\u00e9 du DS-2019<\/li>\n\n\n\n<li>Contact d'urgence 24\/7 en cas de probl\u00e8me pendant le programme<\/li>\n<\/ul>\n\n\n\n<p>*Facturation \u00e0 l'avance<\/p>\n\n\n\n<p class=\"has-medium-font-size\"><strong>Les frais ci-dessus n'incluent pas :<\/strong><\/p>\n\n\n\n<ul class=\"wp-block-list\">\n<li>Frais SEVIS : $220 (pay\u00e9s au gouvernement am\u00e9ricain)<\/li>\n\n\n\n<li>Frais de Visa pour le formulaire DS-160 : $185 (pay\u00e9s \u00e0 l'ambassade\/au consulat des \u00c9tats-Unis)<\/li>\n\n\n\n<li>J-2 processing fees<\/li>\n\n\n\n<li>J-2 health insurance<\/li>\n<\/ul>\n\n\n\n<div style=\"height:50px\" aria-hidden=\"true\" class=\"wp-block-spacer\"><\/div>\n\n\n\n<div class=\"wp-block-uagb-container uagb-block-8d443522 alignfull uagb-is-root-container\"><div class=\"uagb-container-inner-blocks-wrap\">\n<div class=\"wp-block-columns is-layout-flex wp-container-core-columns-is-layout-28f84493 wp-block-columns-is-layout-flex\">\n<div class=\"wp-block-column is-layout-flow wp-block-column-is-layout-flow\" style=\"flex-basis:66.66%\">\n<p class=\"has-text-align-right has-medium-font-size\"><strong>V\u00e9rifiez votre \u00e9ligibilit\u00e9<\/strong><\/p>\n<\/div>\n\n\n\n<div class=\"wp-block-column is-layout-flow wp-block-column-is-layout-flow\" style=\"flex-basis:33.33%\">\n<div class=\"wp-block-buttons is-content-justification-left is-layout-flex wp-container-core-buttons-is-layout-fc4fd283 wp-block-buttons-is-layout-flex\">\n<div class=\"wp-block-button\"><a class=\"wp-block-button__link wp-element-button\" href=\"https:\/\/usponsorme.com\/fr\/verification-eligibilite\/\">Commencer<\/a><\/div>\n<\/div>\n<\/div>\n<\/div>\n<\/div><\/div>\n\n\n\n\n\n<p><\/p>","protected":false},"excerpt":{"rendered":"<p>Prices are in USD. $1,995 Visa Fees $99 \/mo* Health Insurance Visa Fees include: *Billed upfront Fees above exclude: Verify Your Eligibility Verify Your Eligibility<\/p>","protected":false},"author":1,"featured_media":0,"parent":0,"menu_order":0,"comment_status":"closed","ping_status":"closed","template":"","meta":{"_uag_custom_page_level_css":"","site-sidebar-layout":"default","site-content-layout":"","ast-site-content-layout":"default","site-content-style":"default","site-sidebar-style":"default","ast-global-header-display":"","ast-banner-title-visibility":"","ast-main-header-display":"","ast-hfb-above-header-display":"","ast-hfb-below-header-display":"","ast-hfb-mobile-header-display":"","site-post-title":"","ast-breadcrumbs-content":"disabled","ast-featured-img":"","footer-sml-layout":"","ast-disable-related-posts":"","theme-transparent-header-meta":"","adv-header-id-meta":"","stick-header-meta":"","header-above-stick-meta":"","header-main-stick-meta":"","header-below-stick-meta":"","astra-migrate-meta-layouts":"set","ast-page-background-enabled":"default","ast-page-background-meta":{"desktop":{"background-color":"","background-image":"","background-repeat":"repeat","background-position":"center center","background-size":"auto","background-attachment":"scroll","background-type":"","background-media":"","overlay-type":"","overlay-color":"","overlay-opacity":"","overlay-gradient":""},"tablet":{"background-color":"","background-image":"","background-repeat":"repeat","background-position":"center center","background-size":"auto","background-attachment":"scroll","background-type":"","background-media":"","overlay-type":"","overlay-color":"","overlay-opacity":"","overlay-gradient":""},"mobile":{"background-color":"","background-image":"","background-repeat":"repeat","background-position":"center center","background-size":"auto","background-attachment":"scroll","background-type":"","background-media":"","overlay-type":"","overlay-color":"","overlay-opacity":"","overlay-gradient":""}},"ast-content-background-meta":{"desktop":{"background-color":"var(--ast-global-color-5)","background-image":"","background-repeat":"repeat","background-position":"center center","background-size":"auto","background-attachment":"scroll","background-type":"","background-media":"","overlay-type":"","overlay-color":"","overlay-opacity":"","overlay-gradient":""},"tablet":{"background-color":"var(--ast-global-color-5)","background-image":"","background-repeat":"repeat","background-position":"center center","background-size":"auto","background-attachment":"scroll","background-type":"","background-media":"","overlay-type":"","overlay-color":"","overlay-opacity":"","overlay-gradient":""},"mobile":{"background-color":"var(--ast-global-color-5)","background-image":"","background-repeat":"repeat","background-position":"center center","background-size":"auto","background-attachment":"scroll","background-type":"","background-media":"","overlay-type":"","overlay-color":"","overlay-opacity":"","overlay-gradient":""}},"footnotes":""},"folder":[718],"class_list":["post-21217","page","type-page","status-publish","hentry"],"uagb_featured_image_src":{"full":false,"thumbnail":false,"medium":false,"medium_large":false,"large":false,"1536x1536":false,"2048x2048":false,"trp-custom-language-flag":false},"uagb_author_info":{"display_name":"Sarah Papasodaro","author_link":"https:\/\/usponsorme.com\/fr\/author\/spapasodaro\/"},"uagb_comment_info":0,"uagb_excerpt":"Prices are in USD. $1,995 Visa Fees $99 \/mo* Health Insurance Visa Fees include: *Billed upfront Fees above exclude: Verify Your Eligibility Verify Your Eligibility","_links":{"self":[{"href":"https:\/\/usponsorme.com\/fr\/wp-json\/wp\/v2\/pages\/21217","targetHints":{"allow":["GET"]}}],"collection":[{"href":"https:\/\/usponsorme.com\/fr\/wp-json\/wp\/v2\/pages"}],"about":[{"href":"https:\/\/usponsorme.com\/fr\/wp-json\/wp\/v2\/types\/page"}],"author":[{"embeddable":true,"href":"https:\/\/usponsorme.com\/fr\/wp-json\/wp\/v2\/users\/1"}],"replies":[{"embeddable":true,"href":"https:\/\/usponsorme.com\/fr\/wp-json\/wp\/v2\/comments?post=21217"}],"version-history":[{"count":22,"href":"https:\/\/usponsorme.com\/fr\/wp-json\/wp\/v2\/pages\/21217\/revisions"}],"predecessor-version":[{"id":23032,"href":"https:\/\/usponsorme.com\/fr\/wp-json\/wp\/v2\/pages\/21217\/revisions\/23032"}],"wp:attachment":[{"href":"https:\/\/usponsorme.com\/fr\/wp-json\/wp\/v2\/media?parent=21217"}],"wp:term":[{"taxonomy":"folder","embeddable":true,"href":"https:\/\/usponsorme.com\/fr\/wp-json\/wp\/v2\/folder?post=21217"}],"curies":[{"name":"wp","href":"https:\/\/api.w.org\/{rel}","templated":true}]}}