{"id":20289,"date":"2025-01-08T07:04:43","date_gmt":"2025-01-08T07:04:43","guid":{"rendered":"https:\/\/usponsorme.com\/?page_id=20289"},"modified":"2025-04-22T19:57:35","modified_gmt":"2025-04-22T19:57:35","slug":"search-companies-on-usponsorme","status":"publish","type":"page","link":"https:\/\/usponsorme.com\/fr\/support\/unsolicited-application\/search-companies-on-usponsorme\/","title":{"rendered":"Comment rechercher des entreprises sur USponsorMe ?"},"content":{"rendered":"<div class=\"wp-block-uagb-table-of-contents uagb-toc__align-left uagb-toc__columns-1  uagb-block-09b77d91\"\n\t\t\t\t\tdata-scroll= \"1\"\n\t\t\t\t\tdata-offset= \"30\"\n\t\t\t\t\tstyle=\"\"\n\t\t\t\t>\n\t\t\t\t<div class=\"uagb-toc__wrap\">\n\t\t\t\t\t\t<div class=\"uagb-toc__title\">\n\t\t\t\t\t\t\t\t\t\t\t\t\t<\/div>\n\t\t\t\t\t\t\t\t\t\t\t\t\t\t\t\t\t\t\t\t\t\t<div class=\"uagb-toc__list-wrap\">\n\t\t\t\t\t\t<ol class=\"uagb-toc__list\"><li class=\"uagb-toc__list\"><a href=\"#access-companies\" class=\"uagb-toc-link__trigger\">Acc\u00e9der aux entreprises<\/a><li class=\"uagb-toc__list\"><a href=\"#job-titles\" class=\"uagb-toc-link__trigger\">Intitul\u00e9(s) de poste<\/a><li class=\"uagb-toc__list\"><a href=\"#location\" class=\"uagb-toc-link__trigger\">Localisation<\/a><li class=\"uagb-toc__list\"><a href=\"#qualified-visa\" class=\"uagb-toc-link__trigger\">Visa \u00e9ligible<\/a><li class=\"uagb-toc__list\"><a href=\"#industry\" class=\"uagb-toc-link__trigger\">Secteur d'activit\u00e9<\/a><li class=\"uagb-toc__list\"><a href=\"#company-name\" class=\"uagb-toc-link__trigger\">Nom de l'entreprise<\/a><li class=\"uagb-toc__list\"><a href=\"#filters-removal\" class=\"uagb-toc-link__trigger\">R\u00e9initialiser les filtres<\/a><\/ol>\t\t\t\t\t<\/div>\n\t\t\t\t\t\t\t\t\t<\/div>\n\t\t\t\t<\/div>\n\t\t\t\n\n\n<h2 class=\"wp-block-heading\" id=\"h-access-companies\">Acc\u00e9der aux entreprises<\/h2>\n\n\n\n<p>Pour consulter <a href=\"https:\/\/app.usponsorme.com\/company\/search\">les entreprises sponsors<\/a>cliquez sur l\u2019ic\u00f4ne en forme de<em>b\u00e2timent<\/em>situ\u00e9e en haut \u00e0 gauche :<\/p>\n\n\n\n<figure class=\"wp-block-image aligncenter size-full\"><img decoding=\"async\" width=\"700\" height=\"350\" src=\"https:\/\/usponsorme.com\/wp-content\/uploads\/2025\/02\/companies-search-switch.png\" alt=\"\" class=\"wp-image-20779\" srcset=\"https:\/\/usponsorme.com\/wp-content\/uploads\/2025\/02\/companies-search-switch.png 700w, https:\/\/usponsorme.com\/wp-content\/uploads\/2025\/02\/companies-search-switch-560x280.png 560w, https:\/\/usponsorme.com\/wp-content\/uploads\/2025\/02\/companies-search-switch-18x9.png 18w\" sizes=\"(max-width: 700px) 100vw, 700px\" \/><\/figure>\n\n\n\n\n\n<h2 class=\"wp-block-heading\">Intitul\u00e9(s) de poste<\/h2>\n\n\n\n<p>Vous pouvez ajuster (ajouter, supprimer, modifier) les intitul\u00e9s de poste souhait\u00e9s dans la barre de recherche en haut.<\/p>\n\n\n\n<div class=\"wp-block-uagb-image uagb-block-d6c039c2 wp-block-uagb-image--layout-default wp-block-uagb-image--effect-static wp-block-uagb-image--align-none\"><figure class=\"wp-block-uagb-image__figure\"><img decoding=\"async\" srcset=\"https:\/\/usponsorme.com\/wp-content\/uploads\/2024\/12\/search-company-by-job-title.png ,https:\/\/usponsorme.com\/wp-content\/uploads\/2024\/12\/search-company-by-job-title.png 780w, https:\/\/usponsorme.com\/wp-content\/uploads\/2024\/12\/search-company-by-job-title.png 360w\" sizes=\"auto, (max-width: 480px) 150px\" src=\"https:\/\/usponsorme.com\/wp-content\/uploads\/2024\/12\/search-company-by-job-title.png\" alt=\"\" class=\"uag-image-20093\" width=\"1280\" height=\"381\" title=\"Recherche d&#039;une entreprise par titre de poste\" loading=\"lazy\" role=\"img\"\/><\/figure><\/div>\n\n\n\n\n\n<p>Le filtre affichera les entreprises qui recrutent et sponsorisent r\u00e9guli\u00e8rement des personnes pour cet intitul\u00e9 de poste.<\/p>\n\n\n\n<p>Si vous ne connaissez pas l\u2019intitul\u00e9 \u00e0 cibler, utilisez celui figurant <a href=\"https:\/\/app.usponsorme.com\/myvisa\">ici<\/a> dans votre section \u00ab\u00a0\u00c9ligibilit\u00e9\u00a0\u00bb. Pour cela, compl\u00e9tez d\u2019abord votre profil.<\/p>\n\n\n\n<p>Par exemple :<\/p>\n\n\n\n<div class=\"wp-block-uagb-image uagb-block-1027e810 wp-block-uagb-image--layout-default wp-block-uagb-image--effect-static wp-block-uagb-image--align-none\"><figure class=\"wp-block-uagb-image__figure\"><img decoding=\"async\" srcset=\"https:\/\/usponsorme.com\/wp-content\/uploads\/2024\/11\/qualified-occupation.png ,https:\/\/usponsorme.com\/wp-content\/uploads\/2024\/11\/qualified-occupation.png 780w, https:\/\/usponsorme.com\/wp-content\/uploads\/2024\/11\/qualified-occupation.png 360w\" sizes=\"auto, (max-width: 480px) 150px\" src=\"https:\/\/usponsorme.com\/wp-content\/uploads\/2024\/11\/qualified-occupation.png\" alt=\"\" class=\"uag-image-19410\" width=\"405\" height=\"297\" title=\"profession qualifi\u00e9e\" loading=\"lazy\" role=\"img\"\/><\/figure><\/div>\n\n\n\n<p>Nous vous sugg\u00e9rons d\u2019essayer diff\u00e9rents mots-cl\u00e9s pour les intitul\u00e9s de poste afin de voir leur impact sur les r\u00e9sultats. Ajustez ensuite vos mots-cl\u00e9s jusqu'\u00e0 ce que les intitul\u00e9s correspondant aux entreprises qui vous int\u00e9ressent soient surlign\u00e9s.<\/p>\n\n\n\n<h2 class=\"wp-block-heading\">Localisation<\/h2>\n\n\n\n<p>Vous pouvez ajuster (ajouter, supprimer, modifier) la localisation souhait\u00e9e :<\/p>\n\n\n\n<div class=\"wp-block-uagb-image uagb-block-2318b0af wp-block-uagb-image--layout-default wp-block-uagb-image--effect-static wp-block-uagb-image--align-none\"><figure class=\"wp-block-uagb-image__figure\"><img decoding=\"async\" srcset=\"https:\/\/usponsorme.com\/wp-content\/uploads\/2022\/09\/location-and-radius-filter.png \" sizes=\"auto, (max-width: 480px) 150px\" src=\"https:\/\/usponsorme.com\/wp-content\/uploads\/2022\/09\/location-and-radius-filter.png\" alt=\"\" class=\"uag-image-13975\" width=\"532\" height=\"148\" title=\"\" loading=\"lazy\" role=\"img\"\/><\/figure><\/div>\n\n\n\n<p>Vous pouvez saisir l\u2019\u00c9tat ou la ville, le syst\u00e8me proposera la ville et l\u2019\u00c9tat correspondants. Vous pourrez ensuite ajuster la distance de recherche avec le curseur de rayon.<\/p>\n\n\n\n<h2 class=\"wp-block-heading\"> Visa \u00e9ligible<\/h2>\n\n\n\n<p>Vous pouvez s\u00e9lectionner les visas pour lesquels vous \u00eates \u00e9ligible pour afficher les entreprises qui parrainent r\u00e9guli\u00e8rement ce type de visa. <\/p>\n\n\n\n<div class=\"wp-block-uagb-image uagb-block-2ba428bc wp-block-uagb-image--layout-default wp-block-uagb-image--effect-static wp-block-uagb-image--align-none\"><figure class=\"wp-block-uagb-image__figure\"><img decoding=\"async\" srcset=\"https:\/\/usponsorme.com\/wp-content\/uploads\/2025\/02\/qualified-visa-filter.png ,https:\/\/usponsorme.com\/wp-content\/uploads\/2025\/02\/qualified-visa-filter.png 780w, https:\/\/usponsorme.com\/wp-content\/uploads\/2025\/02\/qualified-visa-filter.png 360w\" sizes=\"auto, (max-width: 480px) 150px\" src=\"https:\/\/usponsorme.com\/wp-content\/uploads\/2025\/02\/qualified-visa-filter.png\" alt=\"\" class=\"uag-image-20781\" width=\"432\" height=\"225\" title=\"filtre-visa qualifi\u00e9\" loading=\"lazy\" role=\"img\"\/><\/figure><\/div>\n\n\n\n<p>Si vous ne savez pas pour quel visa vous \u00eates \u00e9ligible, compl\u00e9tez votre profil et s\u00e9lectionnez-en un dans la liste. Seuls les visas correspondant \u00e0 votre \u00e9ligibilit\u00e9 vous seront affich\u00e9s.<\/p>\n\n\n\n<h2 class=\"wp-block-heading\">Secteur d'activit\u00e9<\/h2>\n\n\n\n<p>Affinez votre recherche par secteur d\u2019activit\u00e9 en appliquant un filtre sur un domaine sp\u00e9cifique.<\/p>\n\n\n\n<div class=\"wp-block-uagb-image uagb-block-1451c486 wp-block-uagb-image--layout-default wp-block-uagb-image--effect-static wp-block-uagb-image--align-none\"><figure class=\"wp-block-uagb-image__figure\"><img decoding=\"async\" srcset=\"https:\/\/usponsorme.com\/wp-content\/uploads\/2022\/09\/industry-filter.png \" sizes=\"auto, (max-width: 480px) 150px\" src=\"https:\/\/usponsorme.com\/wp-content\/uploads\/2022\/09\/industry-filter.png\" alt=\"\" class=\"uag-image-13963\" width=\"518\" height=\"361\" title=\"\" loading=\"lazy\" role=\"img\"\/><\/figure><\/div>\n\n\n\n<h2 class=\"wp-block-heading\" id=\"h-company-name\">Nom de l'entreprise<\/h2>\n\n\n\n<p>Pour consulter uniquement les offres d\u2019une entreprise pr\u00e9cise, entrez son nom dans ce filtre :<\/p>\n\n\n\n<div class=\"wp-block-uagb-image uagb-block-3c9e45d8 wp-block-uagb-image--layout-default wp-block-uagb-image--effect-static wp-block-uagb-image--align-none\"><figure class=\"wp-block-uagb-image__figure\"><img decoding=\"async\" srcset=\"https:\/\/usponsorme.com\/wp-content\/uploads\/2022\/09\/company-filter.png \" sizes=\"auto, (max-width: 480px) 150px\" src=\"https:\/\/usponsorme.com\/wp-content\/uploads\/2022\/09\/company-filter.png\" alt=\"\" class=\"uag-image-13983\" width=\"547\" height=\"102\" title=\"\" loading=\"lazy\" role=\"img\"\/><\/figure><\/div>\n\n\n\n<h2 class=\"wp-block-heading\">R\u00e9initialiser les filtres<\/h2>\n\n\n\n<p>Les filtres appliqu\u00e9s s\u2019affichent ici en haut :<\/p>\n\n\n\n<div class=\"wp-block-uagb-image uagb-block-b946aba8 wp-block-uagb-image--layout-default wp-block-uagb-image--effect-static wp-block-uagb-image--align-none\"><figure class=\"wp-block-uagb-image__figure\"><img decoding=\"async\" srcset=\"https:\/\/usponsorme.com\/wp-content\/uploads\/2024\/12\/remove-filters-on-companies.png ,https:\/\/usponsorme.com\/wp-content\/uploads\/2024\/12\/remove-filters-on-companies.png 780w, https:\/\/usponsorme.com\/wp-content\/uploads\/2024\/12\/remove-filters-on-companies.png 360w\" sizes=\"auto, (max-width: 480px) 150px\" src=\"https:\/\/usponsorme.com\/wp-content\/uploads\/2024\/12\/remove-filters-on-companies.png\" alt=\"\" class=\"uag-image-20092\" width=\"1280\" height=\"550\" title=\"supprimer les filtres sur les entreprises\" loading=\"lazy\" role=\"img\"\/><\/figure><\/div>\n\n\n\n<p>Cliquez sur un filtre pour le retirer ou sur \u00ab\u00a0Tout effacer\u00a0\u00bb pour supprimer tous les filtres en une seule fois.<\/p>\n\n\n\n<p><\/p>","protected":false},"excerpt":{"rendered":"<p>Access Companies To see sponsor companies, click on the &#8220;building&#8221; icon in the top left: Job Title(s) You can adjust (add, remove, update) your desired job titles in the top search bar. It will filter companies that regularly hire and sponsor people for this job title. If you do not know what job title(s) to [&hellip;]<\/p>\n","protected":false},"author":1,"featured_media":0,"parent":19017,"menu_order":0,"comment_status":"closed","ping_status":"closed","template":"","meta":{"_uag_custom_page_level_css":"","site-sidebar-layout":"left-sidebar","site-content-layout":"","ast-site-content-layout":"normal-width-container","site-content-style":"unboxed","site-sidebar-style":"default","ast-global-header-display":"","ast-banner-title-visibility":"","ast-main-header-display":"","ast-hfb-above-header-display":"","ast-hfb-below-header-display":"","ast-hfb-mobile-header-display":"","site-post-title":"","ast-breadcrumbs-content":"","ast-featured-img":"","footer-sml-layout":"","ast-disable-related-posts":"","theme-transparent-header-meta":"","adv-header-id-meta":"","stick-header-meta":"","header-above-stick-meta":"","header-main-stick-meta":"","header-below-stick-meta":"","astra-migrate-meta-layouts":"set","ast-page-background-enabled":"default","ast-page-background-meta":{"desktop":{"background-color":"","background-image":"","background-repeat":"repeat","background-position":"center center","background-size":"auto","background-attachment":"scroll","background-type":"","background-media":"","overlay-type":"","overlay-color":"","overlay-opacity":"","overlay-gradient":""},"tablet":{"background-color":"","background-image":"","background-repeat":"repeat","background-position":"center center","background-size":"auto","background-attachment":"scroll","background-type":"","background-media":"","overlay-type":"","overlay-color":"","overlay-opacity":"","overlay-gradient":""},"mobile":{"background-color":"","background-image":"","background-repeat":"repeat","background-position":"center center","background-size":"auto","background-attachment":"scroll","background-type":"","background-media":"","overlay-type":"","overlay-color":"","overlay-opacity":"","overlay-gradient":""}},"ast-content-background-meta":{"desktop":{"background-color":"var(--ast-global-color-5)","background-image":"","background-repeat":"repeat","background-position":"center center","background-size":"auto","background-attachment":"scroll","background-type":"","background-media":"","overlay-type":"","overlay-color":"","overlay-opacity":"","overlay-gradient":""},"tablet":{"background-color":"var(--ast-global-color-5)","background-image":"","background-repeat":"repeat","background-position":"center center","background-size":"auto","background-attachment":"scroll","background-type":"","background-media":"","overlay-type":"","overlay-color":"","overlay-opacity":"","overlay-gradient":""},"mobile":{"background-color":"var(--ast-global-color-5)","background-image":"","background-repeat":"repeat","background-position":"center center","background-size":"auto","background-attachment":"scroll","background-type":"","background-media":"","overlay-type":"","overlay-color":"","overlay-opacity":"","overlay-gradient":""}},"footnotes":""},"folder":[4277],"class_list":["post-20289","page","type-page","status-publish","hentry"],"uagb_featured_image_src":{"full":false,"thumbnail":false,"medium":false,"medium_large":false,"large":false,"1536x1536":false,"2048x2048":false,"trp-custom-language-flag":false},"uagb_author_info":{"display_name":"Sarah Papasodaro","author_link":"https:\/\/usponsorme.com\/fr\/author\/spapasodaro\/"},"uagb_comment_info":0,"uagb_excerpt":"Access Companies To see sponsor companies, click on the &#8220;building&#8221; icon in the top left: Job Title(s) You can adjust (add, remove, update) your desired job titles in the top search bar. It will filter companies that regularly hire and sponsor people for this job title. If you do not know what job title(s) to\u2026","_links":{"self":[{"href":"https:\/\/usponsorme.com\/fr\/wp-json\/wp\/v2\/pages\/20289","targetHints":{"allow":["GET"]}}],"collection":[{"href":"https:\/\/usponsorme.com\/fr\/wp-json\/wp\/v2\/pages"}],"about":[{"href":"https:\/\/usponsorme.com\/fr\/wp-json\/wp\/v2\/types\/page"}],"author":[{"embeddable":true,"href":"https:\/\/usponsorme.com\/fr\/wp-json\/wp\/v2\/users\/1"}],"replies":[{"embeddable":true,"href":"https:\/\/usponsorme.com\/fr\/wp-json\/wp\/v2\/comments?post=20289"}],"version-history":[{"count":15,"href":"https:\/\/usponsorme.com\/fr\/wp-json\/wp\/v2\/pages\/20289\/revisions"}],"predecessor-version":[{"id":21142,"href":"https:\/\/usponsorme.com\/fr\/wp-json\/wp\/v2\/pages\/20289\/revisions\/21142"}],"up":[{"embeddable":true,"href":"https:\/\/usponsorme.com\/fr\/wp-json\/wp\/v2\/pages\/19017"}],"wp:attachment":[{"href":"https:\/\/usponsorme.com\/fr\/wp-json\/wp\/v2\/media?parent=20289"}],"wp:term":[{"taxonomy":"folder","embeddable":true,"href":"https:\/\/usponsorme.com\/fr\/wp-json\/wp\/v2\/folder?post=20289"}],"curies":[{"name":"wp","href":"https:\/\/api.w.org\/{rel}","templated":true}]}}