{"id":19891,"date":"2024-12-16T15:58:54","date_gmt":"2024-12-16T15:58:54","guid":{"rendered":"https:\/\/usponsorme.com\/?page_id=19891"},"modified":"2026-04-08T13:53:44","modified_gmt":"2026-04-08T13:53:44","slug":"temoignages-avis","status":"publish","type":"page","link":"https:\/\/usponsorme.com\/fr\/reviews-success-stories\/","title":{"rendered":"T\u00e9moignages &amp; avis"},"content":{"rendered":"<section class=\"wp-block-uagb-columns uagb-columns__wrap uagb-columns__background-none uagb-columns__stack-mobile uagb-columns__valign- uagb-columns__gap-10 align uagb-block-9b9e3a31 uagb-columns__columns-2 uagb-columns__max_width-theme\"><div class=\"uagb-columns__overlay\"><\/div><div class=\"uagb-columns__inner-wrap uagb-columns__columns-2\">\n<div class=\"wp-block-uagb-column uagb-column__wrap uagb-column__background-undefined uagb-block-466c4f0e\"><div class=\"uagb-column__overlay\"><\/div>\n<figure class=\"wp-block-embed is-type-video is-provider-youtube wp-block-embed-youtube wp-embed-aspect-16-9 wp-has-aspect-ratio\"><div class=\"wp-block-embed__wrapper\">\n<iframe title=\"Alexandre de France a obtenu son visa J1 avec nous, il travaille \u00e0 Miami, FL, US ! \u00c9coutons son t\u00e9moignage !\" width=\"500\" height=\"281\" src=\"https:\/\/www.youtube.com\/embed\/nXkWHyayn6Y?feature=oembed\" frameborder=\"0\" allow=\"accelerometer; autoplay; clipboard-write; encrypted-media; gyroscope; picture-in-picture; web-share\" referrerpolicy=\"strict-origin-when-cross-origin\" allowfullscreen><\/iframe>\n<\/div><figcaption class=\"wp-element-caption\">Originaire de France - Install\u00e9 \u00e0 Miami, Floride - Travaille dans l'investissement immobilier au sein d'une startup<\/figcaption><\/figure>\n<\/div>\n\n\n\n<div class=\"wp-block-uagb-column uagb-column__wrap uagb-column__background-undefined uagb-block-97374090\"><div class=\"uagb-column__overlay\"><\/div>\n<figure class=\"wp-block-embed is-type-video is-provider-youtube wp-block-embed-youtube wp-embed-aspect-16-9 wp-has-aspect-ratio\"><div class=\"wp-block-embed__wrapper\">\n<iframe title=\"Aniket, originaire de l&#039;Inde, effectue son programme J1 dans la division des chambres \u00e0 coucher en Caroline du Sud, aux \u00c9tats-Unis. \u00c9coutons son t\u00e9moignage\" width=\"500\" height=\"281\" src=\"https:\/\/www.youtube.com\/embed\/G4RFlPAlyJI?feature=oembed\" frameborder=\"0\" allow=\"accelerometer; autoplay; clipboard-write; encrypted-media; gyroscope; picture-in-picture; web-share\" referrerpolicy=\"strict-origin-when-cross-origin\" allowfullscreen><\/iframe>\n<\/div><figcaption class=\"wp-element-caption\">Originaire d'Inde - Install\u00e9e en Caroline du Sud - Travaille dans le domaine de l'h\u00f4tellerie dans un h\u00f4tel de luxe<\/figcaption><\/figure>\n<\/div>\n<\/div><\/section>\n\n\n\n<section class=\"wp-block-uagb-columns uagb-columns__wrap uagb-columns__background-none uagb-columns__stack-mobile uagb-columns__valign- uagb-columns__gap-10 align uagb-block-bd5ea08a uagb-columns__columns-2 uagb-columns__max_width-theme\"><div class=\"uagb-columns__overlay\"><\/div><div class=\"uagb-columns__inner-wrap uagb-columns__columns-2\">\n<div class=\"wp-block-uagb-column uagb-column__wrap uagb-column__background-undefined uagb-block-6eb8ad9a\"><div class=\"uagb-column__overlay\"><\/div>\n<figure class=\"wp-block-embed is-type-video is-provider-youtube wp-block-embed-youtube wp-embed-aspect-16-9 wp-has-aspect-ratio\"><div class=\"wp-block-embed__wrapper\">\n<iframe title=\"Barbara, originaire de Roumanie, suit un programme J1 dans le domaine de la restauration \u00e0 Miami, FL, aux \u00c9tats-Unis. \u00c9coutons son t\u00e9moignage !\" width=\"500\" height=\"281\" src=\"https:\/\/www.youtube.com\/embed\/PLgXr0Uo6_Q?feature=oembed\" frameborder=\"0\" allow=\"accelerometer; autoplay; clipboard-write; encrypted-media; gyroscope; picture-in-picture; web-share\" referrerpolicy=\"strict-origin-when-cross-origin\" allowfullscreen><\/iframe>\n<\/div><figcaption class=\"wp-element-caption\">Originaire de Roumanie - Install\u00e9 \u00e0 Miami, Floride - Travaille dans la gestion des aliments et des boissons dans un restaurant gastronomique.<\/figcaption><\/figure>\n<\/div>\n\n\n\n<div class=\"wp-block-uagb-column uagb-column__wrap uagb-column__background-undefined uagb-block-90710874\"><div class=\"uagb-column__overlay\"><\/div><\/div>\n<\/div><\/section>\n\n\n\n\t\t\t<div class=\"wp-block-uagb-post-grid uagb-post-grid  uagb-post__image-position-top uagb-post__image-enabled uagb-block-720cf4b3     uagb-post__items uagb-post__columns-3 is-grid uagb-post__columns-tablet-2 uagb-post__columns-mobile-1 uagb-post__equal-height\" data-total=\"1\" style=\"\">\n\n\t\t\t\t\t\t\t\t\t\t\t\t<article class=\"uagb-post__inner-wrap\">\t\t\t\t\t\t\t\t<div class='uagb-post__image'>\n\t\t\t\t\t\t\t\t\t<a href=\"https:\/\/usponsorme.com\/fr\/case-studies\/job-los-angeles-supply-chain\/\" target=\"_self\" rel=\"bookmark noopener noreferrer\" class='uagb-image-ratio-inherit'><img decoding=\"async\" width=\"887\" height=\"444\" src=\"https:\/\/usponsorme.com\/wp-content\/uploads\/2019\/07\/Interview-find-a-job-los-angeles-supply-chain-1-887x444.jpg\" class=\"attachment-large size-large\" alt=\"un homme et une femme debout sur une plage\" srcset=\"https:\/\/usponsorme.com\/wp-content\/uploads\/2019\/07\/Interview-find-a-job-los-angeles-supply-chain-1-887x444.jpg 887w, https:\/\/usponsorme.com\/wp-content\/uploads\/2019\/07\/Interview-find-a-job-los-angeles-supply-chain-1-430x215.jpg 430w, https:\/\/usponsorme.com\/wp-content\/uploads\/2019\/07\/Interview-find-a-job-los-angeles-supply-chain-1-768x384.jpg 768w, https:\/\/usponsorme.com\/wp-content\/uploads\/2019\/07\/Interview-find-a-job-los-angeles-supply-chain-1-1536x768.jpg 1536w, https:\/\/usponsorme.com\/wp-content\/uploads\/2019\/07\/Interview-find-a-job-los-angeles-supply-chain-1-18x9.jpg 18w, https:\/\/usponsorme.com\/wp-content\/uploads\/2019\/07\/Interview-find-a-job-los-angeles-supply-chain-1.jpg 1920w\" sizes=\"(max-width: 887px) 100vw, 887px\" \/>\t\t\t\t\t<\/a>\n\t\t\t\t\t\t\t<\/div>\n\t\t\t<div class=\"uag-post-grid-wrapper\">\t\t\t<h4 class=\"uagb-post__title uagb-post__text\">\n\t\t\t\t<a href=\"https:\/\/usponsorme.com\/fr\/case-studies\/job-los-angeles-supply-chain\/\" target=\"_self\" rel=\"bookmark noopener noreferrer\">Comment Kevin a trouv\u00e9 son emploi \u00e0 Los Angeles, dans le domaine de la Supply Chain<\/a>\n\t\t\t<\/h4>\n\t\t\t\t\t\t<div class='uagb-post__text uagb-post-grid-byline'>\n\t\t\t\t\t\t\t<\/div>\n\t\t\t\t\t\t\t<div class='uagb-post__text uagb-post__excerpt'>\n\t\t\t\t\t<p>Retrouvez ci-dessous l'interview vid\u00e9o de Kevin o\u00f9 il explique comment il a trouv\u00e9 son emploi...\t\t\t\t<\/div>\n\t\t\t\t\t\t<div class=\"uagb-post__text uagb-post__cta wp-block-button\">\n\t\t\t\t<a class=\"wp-block-button__link uagb-text-link\" style=\"\" href=\"https:\/\/usponsorme.com\/fr\/case-studies\/job-los-angeles-supply-chain\/\" target=\"_self\" rel=\"bookmark noopener noreferrer\">Regarder l'interview<\/a>\n\t\t\t<\/div>\n\t\t\t<\/div>\n\t\t\t\t\t\t\t\t\t<\/article>\n\t\t\t\t\t\t\t\t\t\t\t\t\t\t\t\t<article class=\"uagb-post__inner-wrap\">\t\t\t\t\t\t\t\t<div class='uagb-post__image'>\n\t\t\t\t\t\t\t\t\t<a href=\"https:\/\/usponsorme.com\/fr\/case-studies\/job-new-york-it\/\" target=\"_self\" rel=\"bookmark noopener noreferrer\" class='uagb-image-ratio-inherit'><img decoding=\"async\" width=\"887\" height=\"444\" src=\"https:\/\/usponsorme.com\/wp-content\/uploads\/2018\/09\/Guillaume-Found-His-Job-New-York-IT-887x444.jpg\" class=\"attachment-large size-large\" alt=\"un homme et une femme avec des lunettes\" srcset=\"https:\/\/usponsorme.com\/wp-content\/uploads\/2018\/09\/Guillaume-Found-His-Job-New-York-IT-887x444.jpg 887w, https:\/\/usponsorme.com\/wp-content\/uploads\/2018\/09\/Guillaume-Found-His-Job-New-York-IT-430x215.jpg 430w, https:\/\/usponsorme.com\/wp-content\/uploads\/2018\/09\/Guillaume-Found-His-Job-New-York-IT-768x384.jpg 768w, https:\/\/usponsorme.com\/wp-content\/uploads\/2018\/09\/Guillaume-Found-His-Job-New-York-IT-1536x768.jpg 1536w, https:\/\/usponsorme.com\/wp-content\/uploads\/2018\/09\/Guillaume-Found-His-Job-New-York-IT-18x9.jpg 18w, https:\/\/usponsorme.com\/wp-content\/uploads\/2018\/09\/Guillaume-Found-His-Job-New-York-IT.jpg 1920w\" sizes=\"(max-width: 887px) 100vw, 887px\" \/>\t\t\t\t\t<\/a>\n\t\t\t\t\t\t\t<\/div>\n\t\t\t<div class=\"uag-post-grid-wrapper\">\t\t\t<h4 class=\"uagb-post__title uagb-post__text\">\n\t\t\t\t<a href=\"https:\/\/usponsorme.com\/fr\/case-studies\/job-new-york-it\/\" target=\"_self\" rel=\"bookmark noopener noreferrer\">Guillaume a d\u00e9croch\u00e9 son emploi dans l'informatique \u00e0 New York !<\/a>\n\t\t\t<\/h4>\n\t\t\t\t\t\t<div class='uagb-post__text uagb-post-grid-byline'>\n\t\t\t\t\t\t\t<\/div>\n\t\t\t\t\t\t\t<div class='uagb-post__text uagb-post__excerpt'>\n\t\t\t\t\t<p>Guillaume a trouv\u00e9 son emploi dans l'informatique \u00e0 New York, d'abord avec un visa J-1, puis...\t\t\t\t<\/div>\n\t\t\t\t\t\t<div class=\"uagb-post__text uagb-post__cta wp-block-button\">\n\t\t\t\t<a class=\"wp-block-button__link uagb-text-link\" style=\"\" href=\"https:\/\/usponsorme.com\/fr\/case-studies\/job-new-york-it\/\" target=\"_self\" rel=\"bookmark noopener noreferrer\">Regarder l'interview<\/a>\n\t\t\t<\/div>\n\t\t\t<\/div>\n\t\t\t\t\t\t\t\t\t<\/article>\n\t\t\t\t\t\t\t\t\t\t\t\t\t\t\t\t<article class=\"uagb-post__inner-wrap\">\t\t\t\t\t\t\t\t<div class='uagb-post__image'>\n\t\t\t\t\t\t\t\t\t<a href=\"https:\/\/usponsorme.com\/fr\/case-studies\/job-in-los-angeles-in-security\/\" target=\"_self\" rel=\"bookmark noopener noreferrer\" class='uagb-image-ratio-inherit'><img decoding=\"async\" width=\"887\" height=\"444\" src=\"https:\/\/usponsorme.com\/wp-content\/uploads\/2018\/09\/work-in-Los-Angeles-in-Human-Resources-887x444.jpg?ver=1743469986\" class=\"attachment-large size-large\" alt=\"Comment Alicia de France a trouv\u00e9 son emploi 4 en gestion des ressources humaines \u00e0 Los Angeles, CA\" srcset=\"https:\/\/usponsorme.com\/wp-content\/uploads\/2018\/09\/work-in-Los-Angeles-in-Human-Resources-887x444.jpg 887w, https:\/\/usponsorme.com\/wp-content\/uploads\/2018\/09\/work-in-Los-Angeles-in-Human-Resources-430x215.jpg 430w, https:\/\/usponsorme.com\/wp-content\/uploads\/2018\/09\/work-in-Los-Angeles-in-Human-Resources-768x384.jpg 768w, https:\/\/usponsorme.com\/wp-content\/uploads\/2018\/09\/work-in-Los-Angeles-in-Human-Resources-1536x768.jpg 1536w, https:\/\/usponsorme.com\/wp-content\/uploads\/2018\/09\/work-in-Los-Angeles-in-Human-Resources-18x9.jpg 18w, https:\/\/usponsorme.com\/wp-content\/uploads\/2018\/09\/work-in-Los-Angeles-in-Human-Resources.jpg 1920w\" sizes=\"(max-width: 887px) 100vw, 887px\" \/>\t\t\t\t\t<\/a>\n\t\t\t\t\t\t\t<\/div>\n\t\t\t<div class=\"uag-post-grid-wrapper\">\t\t\t<h4 class=\"uagb-post__title uagb-post__text\">\n\t\t\t\t<a href=\"https:\/\/usponsorme.com\/fr\/case-studies\/job-in-los-angeles-in-security\/\" target=\"_self\" rel=\"bookmark noopener noreferrer\">Alicia a trouv\u00e9 un poste dans le domaine de la qualit\u00e9-s\u00e9curit\u00e9 \u00e0 Los Angeles<\/a>\n\t\t\t<\/h4>\n\t\t\t\t\t\t<div class='uagb-post__text uagb-post-grid-byline'>\n\t\t\t\t\t\t\t<\/div>\n\t\t\t\t\t\t\t<div class='uagb-post__text uagb-post__excerpt'>\n\t\t\t\t\t<p>Retrouvez ci-dessous, l'interview vid\u00e9o d'Alicia. Gr\u00e2ce \u00e0 mon coaching, USponsorMe+, et \u00e0 notre CV...\t\t\t\t<\/div>\n\t\t\t\t\t\t<div class=\"uagb-post__text uagb-post__cta wp-block-button\">\n\t\t\t\t<a class=\"wp-block-button__link uagb-text-link\" style=\"\" href=\"https:\/\/usponsorme.com\/fr\/case-studies\/job-in-los-angeles-in-security\/\" target=\"_self\" rel=\"bookmark noopener noreferrer\">Regarder l'interview<\/a>\n\t\t\t<\/div>\n\t\t\t<\/div>\n\t\t\t\t\t\t\t\t\t<\/article>\n\t\t\t\t\t\t\t\t\t\t\t\t\t\t\t\t<article class=\"uagb-post__inner-wrap\">\t\t\t\t\t\t\t\t<div class='uagb-post__image'>\n\t\t\t\t\t\t\t\t\t<a href=\"https:\/\/usponsorme.com\/fr\/case-studies\/job-in-miami-communication\/\" target=\"_self\" rel=\"bookmark noopener noreferrer\" class='uagb-image-ratio-inherit'><img decoding=\"async\" width=\"887\" height=\"444\" src=\"https:\/\/usponsorme.com\/wp-content\/uploads\/2019\/07\/Amandine-Found-Her-Job-Miami-Communication-1-887x444.jpg\" class=\"attachment-large size-large\" alt=\"une capture d&#039;\u00e9cran d&#039;un entretien vid\u00e9o\" srcset=\"https:\/\/usponsorme.com\/wp-content\/uploads\/2019\/07\/Amandine-Found-Her-Job-Miami-Communication-1-887x444.jpg 887w, https:\/\/usponsorme.com\/wp-content\/uploads\/2019\/07\/Amandine-Found-Her-Job-Miami-Communication-1-430x215.jpg 430w, https:\/\/usponsorme.com\/wp-content\/uploads\/2019\/07\/Amandine-Found-Her-Job-Miami-Communication-1-768x384.jpg 768w, https:\/\/usponsorme.com\/wp-content\/uploads\/2019\/07\/Amandine-Found-Her-Job-Miami-Communication-1-1536x768.jpg 1536w, https:\/\/usponsorme.com\/wp-content\/uploads\/2019\/07\/Amandine-Found-Her-Job-Miami-Communication-1-18x9.jpg 18w, https:\/\/usponsorme.com\/wp-content\/uploads\/2019\/07\/Amandine-Found-Her-Job-Miami-Communication-1.jpg 1920w\" sizes=\"(max-width: 887px) 100vw, 887px\" \/>\t\t\t\t\t<\/a>\n\t\t\t\t\t\t\t<\/div>\n\t\t\t<div class=\"uag-post-grid-wrapper\">\t\t\t<h4 class=\"uagb-post__title uagb-post__text\">\n\t\t\t\t<a href=\"https:\/\/usponsorme.com\/fr\/case-studies\/job-in-miami-communication\/\" target=\"_self\" rel=\"bookmark noopener noreferrer\">Amandine a trouv\u00e9 un emploi \u00e0 Miami dans le domaine de la communication !<\/a>\n\t\t\t<\/h4>\n\t\t\t\t\t\t<div class='uagb-post__text uagb-post-grid-byline'>\n\t\t\t\t\t\t\t<\/div>\n\t\t\t\t\t\t\t<div class='uagb-post__text uagb-post__excerpt'>\n\t\t\t\t\t<p>Amandine, qui travaille maintenant aux Etats-Unis, a re\u00e7u deux offres d'emploi de deux entreprises diff\u00e9rentes...\t\t\t\t<\/div>\n\t\t\t\t\t\t<div class=\"uagb-post__text uagb-post__cta wp-block-button\">\n\t\t\t\t<a class=\"wp-block-button__link uagb-text-link\" style=\"\" href=\"https:\/\/usponsorme.com\/fr\/case-studies\/job-in-miami-communication\/\" target=\"_self\" rel=\"bookmark noopener noreferrer\">Regarder l'interview<\/a>\n\t\t\t<\/div>\n\t\t\t<\/div>\n\t\t\t\t\t\t\t\t\t<\/article>\n\t\t\t\t\t\t\t\t\t\t\t\t\t\t\t\t<article class=\"uagb-post__inner-wrap\">\t\t\t\t\t\t\t\t<div class='uagb-post__image'>\n\t\t\t\t\t\t\t\t\t<a href=\"https:\/\/usponsorme.com\/fr\/case-studies\/job-robotics-nyc-visa-e2\/\" target=\"_self\" rel=\"bookmark noopener noreferrer\" class='uagb-image-ratio-inherit'><img decoding=\"async\" width=\"887\" height=\"444\" src=\"https:\/\/usponsorme.com\/wp-content\/uploads\/2018\/04\/robotics-job-nyc-887x444.jpg?ver=1741368933\" class=\"attachment-large size-large\" alt=\"trouver un emploi aux Etats-Unis, \u00e0 New York City, dans le domaine de la robotique sous le visa E2\" srcset=\"https:\/\/usponsorme.com\/wp-content\/uploads\/2018\/04\/robotics-job-nyc-887x444.jpg 887w, https:\/\/usponsorme.com\/wp-content\/uploads\/2018\/04\/robotics-job-nyc-560x280.jpg 560w, https:\/\/usponsorme.com\/wp-content\/uploads\/2018\/04\/robotics-job-nyc-768x384.jpg 768w, https:\/\/usponsorme.com\/wp-content\/uploads\/2018\/04\/robotics-job-nyc-1536x768.jpg 1536w, https:\/\/usponsorme.com\/wp-content\/uploads\/2018\/04\/robotics-job-nyc-18x9.jpg 18w, https:\/\/usponsorme.com\/wp-content\/uploads\/2018\/04\/robotics-job-nyc.jpg 1920w\" sizes=\"(max-width: 887px) 100vw, 887px\" \/>\t\t\t\t\t<\/a>\n\t\t\t\t\t\t\t<\/div>\n\t\t\t<div class=\"uag-post-grid-wrapper\">\t\t\t<h4 class=\"uagb-post__title uagb-post__text\">\n\t\t\t\t<a href=\"https:\/\/usponsorme.com\/fr\/case-studies\/job-robotics-nyc-visa-e2\/\" target=\"_self\" rel=\"bookmark noopener noreferrer\">Lola a d\u00e9croch\u00e9 un emploi en robotique \u00e0 New York gr\u00e2ce \u00e0 un visa E-2 !<\/a>\n\t\t\t<\/h4>\n\t\t\t\t\t\t<div class='uagb-post__text uagb-post-grid-byline'>\n\t\t\t\t\t\t\t<\/div>\n\t\t\t\t\t\t\t<div class='uagb-post__text uagb-post__excerpt'>\n\t\t\t\t\t<p>Lola a trouv\u00e9 un emploi dans le domaine de la robotique \u00e0 New York gr\u00e2ce \u00e0 un visa E-2 obtenu par l'interm\u00e9diaire de USponsorMe. Ici...\t\t\t\t<\/div>\n\t\t\t\t\t\t<div class=\"uagb-post__text uagb-post__cta wp-block-button\">\n\t\t\t\t<a class=\"wp-block-button__link uagb-text-link\" style=\"\" href=\"https:\/\/usponsorme.com\/fr\/case-studies\/job-robotics-nyc-visa-e2\/\" target=\"_self\" rel=\"bookmark noopener noreferrer\">Regarder l'interview<\/a>\n\t\t\t<\/div>\n\t\t\t<\/div>\n\t\t\t\t\t\t\t\t\t<\/article>\n\t\t\t\t\t\t\t\t\t\t\t<\/div>\n\t\t\t\n\n\n<div class=\"wp-block-uagb-container uagb-block-31b8b7ac alignfull uagb-is-root-container\"><div class=\"uagb-container-inner-blocks-wrap\">\n<script src=\"https:\/\/apps.elfsight.com\/p\/platform.js\" defer=\"\"><\/script>\n<div data-elfsight-app-lazy=\"\" class=\"elfsight-app-ae052899-ad58-42f8-98ee-96dbdaa15947\"><\/div>\n<\/div><\/div>","protected":false},"excerpt":{"rendered":"","protected":false},"author":12,"featured_media":0,"parent":0,"menu_order":0,"comment_status":"closed","ping_status":"closed","template":"","meta":{"_uag_custom_page_level_css":"","site-sidebar-layout":"default","site-content-layout":"","ast-site-content-layout":"normal-width-container","site-content-style":"unboxed","site-sidebar-style":"default","ast-global-header-display":"","ast-banner-title-visibility":"","ast-main-header-display":"","ast-hfb-above-header-display":"","ast-hfb-below-header-display":"","ast-hfb-mobile-header-display":"","site-post-title":"","ast-breadcrumbs-content":"disabled","ast-featured-img":"","footer-sml-layout":"","ast-disable-related-posts":"","theme-transparent-header-meta":"","adv-header-id-meta":"","stick-header-meta":"","header-above-stick-meta":"","header-main-stick-meta":"","header-below-stick-meta":"","astra-migrate-meta-layouts":"set","ast-page-background-enabled":"default","ast-page-background-meta":{"desktop":{"background-color":"","background-image":"","background-repeat":"repeat","background-position":"center center","background-size":"auto","background-attachment":"scroll","background-type":"","background-media":"","overlay-type":"","overlay-color":"","overlay-opacity":"","overlay-gradient":""},"tablet":{"background-color":"","background-image":"","background-repeat":"repeat","background-position":"center center","background-size":"auto","background-attachment":"scroll","background-type":"","background-media":"","overlay-type":"","overlay-color":"","overlay-opacity":"","overlay-gradient":""},"mobile":{"background-color":"","background-image":"","background-repeat":"repeat","background-position":"center center","background-size":"auto","background-attachment":"scroll","background-type":"","background-media":"","overlay-type":"","overlay-color":"","overlay-opacity":"","overlay-gradient":""}},"ast-content-background-meta":{"desktop":{"background-color":"var(--ast-global-color-5)","background-image":"","background-repeat":"repeat","background-position":"center center","background-size":"auto","background-attachment":"scroll","background-type":"","background-media":"","overlay-type":"","overlay-color":"","overlay-opacity":"","overlay-gradient":""},"tablet":{"background-color":"var(--ast-global-color-5)","background-image":"","background-repeat":"repeat","background-position":"center center","background-size":"auto","background-attachment":"scroll","background-type":"","background-media":"","overlay-type":"","overlay-color":"","overlay-opacity":"","overlay-gradient":""},"mobile":{"background-color":"var(--ast-global-color-5)","background-image":"","background-repeat":"repeat","background-position":"center center","background-size":"auto","background-attachment":"scroll","background-type":"","background-media":"","overlay-type":"","overlay-color":"","overlay-opacity":"","overlay-gradient":""}},"footnotes":""},"folder":[718],"class_list":["post-19891","page","type-page","status-publish","hentry"],"uagb_featured_image_src":{"full":false,"thumbnail":false,"medium":false,"medium_large":false,"large":false,"1536x1536":false,"2048x2048":false,"trp-custom-language-flag":false},"uagb_author_info":{"display_name":"Sarah Papasodaro - Admin","author_link":"https:\/\/usponsorme.com\/fr\/author\/spapasodaro_admin\/"},"uagb_comment_info":0,"uagb_excerpt":null,"_links":{"self":[{"href":"https:\/\/usponsorme.com\/fr\/wp-json\/wp\/v2\/pages\/19891","targetHints":{"allow":["GET"]}}],"collection":[{"href":"https:\/\/usponsorme.com\/fr\/wp-json\/wp\/v2\/pages"}],"about":[{"href":"https:\/\/usponsorme.com\/fr\/wp-json\/wp\/v2\/types\/page"}],"author":[{"embeddable":true,"href":"https:\/\/usponsorme.com\/fr\/wp-json\/wp\/v2\/users\/12"}],"replies":[{"embeddable":true,"href":"https:\/\/usponsorme.com\/fr\/wp-json\/wp\/v2\/comments?post=19891"}],"version-history":[{"count":21,"href":"https:\/\/usponsorme.com\/fr\/wp-json\/wp\/v2\/pages\/19891\/revisions"}],"predecessor-version":[{"id":22589,"href":"https:\/\/usponsorme.com\/fr\/wp-json\/wp\/v2\/pages\/19891\/revisions\/22589"}],"wp:attachment":[{"href":"https:\/\/usponsorme.com\/fr\/wp-json\/wp\/v2\/media?parent=19891"}],"wp:term":[{"taxonomy":"folder","embeddable":true,"href":"https:\/\/usponsorme.com\/fr\/wp-json\/wp\/v2\/folder?post=19891"}],"curies":[{"name":"wp","href":"https:\/\/api.w.org\/{rel}","templated":true}]}}