{"id":18788,"date":"2024-11-12T17:32:37","date_gmt":"2024-11-12T17:32:37","guid":{"rendered":"https:\/\/usponsorme.com\/?page_id=18788"},"modified":"2025-04-22T19:57:31","modified_gmt":"2025-04-22T19:57:31","slug":"set-edit-job-alert","status":"publish","type":"page","link":"https:\/\/usponsorme.com\/fr\/support\/job-searching\/set-edit-job-alert\/","title":{"rendered":"Comment d\u00e9finir ou modifier mes pr\u00e9f\u00e9rences ? (Alerte emploi)"},"content":{"rendered":"<h2 class=\"wp-block-heading\" id=\"set\">D\u00e9finir mes pr\u00e9f\u00e9rences<\/h2>\n\n\n\n<p>Lorsque vous \u00eates satisfaits des emplois que vous voyez apr\u00e8s <a href=\"https:\/\/usponsorme.com\/fr\/support\/job-searching\/#how-can-i-find-jobs-on-usponsorme\">r\u00e9duire votre recherche avec des filtres<\/a> (vos pr\u00e9f\u00e9rences), enregistrez votre recherche en cliquant sur \"Enregistrer la recherche et d\u00e9finir une alerte\" :<\/p>\n\n\n\n<div class=\"wp-block-uagb-image uagb-block-3929d3c8 wp-block-uagb-image--layout-default wp-block-uagb-image--effect-static wp-block-uagb-image--align-none\"><figure class=\"wp-block-uagb-image__figure\"><img decoding=\"async\" srcset=\"https:\/\/usponsorme.com\/wp-content\/uploads\/2025\/02\/set_job_alert_USponsorMe.png ,https:\/\/usponsorme.com\/wp-content\/uploads\/2025\/02\/set_job_alert_USponsorMe.png 780w, https:\/\/usponsorme.com\/wp-content\/uploads\/2025\/02\/set_job_alert_USponsorMe.png 360w\" sizes=\"auto, (max-width: 480px) 150px\" src=\"https:\/\/usponsorme.com\/wp-content\/uploads\/2025\/02\/set_job_alert_USponsorMe.png\" alt=\"\" class=\"uag-image-20762\" width=\"887\" height=\"450\" title=\"set_job_alert_USponsorMe\" loading=\"lazy\" role=\"img\"\/><\/figure><\/div>\n\n\n\n\n\n<div style=\"height:20px\" aria-hidden=\"true\" class=\"wp-block-spacer\"><\/div>\n\n\n\n<p>Vous pouvez enregistrer autant de recherches que vous le souhaitez. Vous pourrez ensuite les consulter toutes \u00e0 partir de votre tableau de bord. Lorsque nous aurons publi\u00e9 de nouveaux emplois correspondant \u00e0 vos pr\u00e9f\u00e9rences, vous les recevrez par courrier \u00e9lectronique.<\/p>\n\n\n\n<div class=\"wp-block-buttons is-content-justification-center is-layout-flex wp-container-core-buttons-is-layout-72caf8c6 wp-block-buttons-is-layout-flex\">\n<div class=\"wp-block-button\"><a class=\"wp-block-button__link has-text-align-center wp-element-button\" href=\"https:\/\/app.usponsorme.com\/dashboard\" rel=\"https:\/\/app.usponsorme.com\/dashboard\">Rechercher des emplois et d\u00e9finir des pr\u00e9f\u00e9rences<\/a><\/div>\n<\/div>\n\n\n\n<div style=\"height:50px\" aria-hidden=\"true\" class=\"wp-block-spacer\"><\/div>\n\n\n\n<h2 class=\"wp-block-heading\" id=\"edit\">Modifier mes pr\u00e9f\u00e9rences<\/h2>\n\n\n\n<p>Vous pouvez voir vos recherches sauvegard\u00e9es dans votre tableau de bord comme suit :<\/p>\n\n\n\n<div class=\"wp-block-uagb-image uagb-block-86f7df88 wp-block-uagb-image--layout-default wp-block-uagb-image--effect-static wp-block-uagb-image--align-none\"><figure class=\"wp-block-uagb-image__figure\"><img decoding=\"async\" srcset=\"https:\/\/usponsorme.com\/wp-content\/uploads\/2022\/09\/saved-search-1024x308.png \" sizes=\"auto, (max-width: 480px) 150px\" src=\"https:\/\/usponsorme.com\/wp-content\/uploads\/2022\/09\/saved-search-1024x308.png\" alt=\"\" class=\"uag-image-14074\" width=\"1024\" height=\"308\" title=\"\" loading=\"lazy\" role=\"img\"\/><\/figure><\/div>\n\n\n\n<div style=\"height:20px\" aria-hidden=\"true\" class=\"wp-block-spacer\"><\/div>\n\n\n\n\n\n<p>Cliquez sur la recherche enregistr\u00e9e que vous souhaitez modifier et <a href=\"https:\/\/usponsorme.com\/fr\/support\/job-searching\/#how-can-i-find-jobs-on-usponsorme\">modifier vos filtres<\/a> (pr\u00e9f\u00e9rences) jusqu'\u00e0 ce que vous trouviez les emplois qui vous int\u00e9ressent. Cliquez ensuite sur \"Enregistrer la recherche et cr\u00e9er une alerte\" :<\/p>\n\n\n\n<div class=\"wp-block-uagb-image uagb-block-357e3832 wp-block-uagb-image--layout-default wp-block-uagb-image--effect-static wp-block-uagb-image--align-none\"><figure class=\"wp-block-uagb-image__figure\"><img decoding=\"async\" srcset=\"https:\/\/usponsorme.com\/wp-content\/uploads\/2025\/02\/set_job_alert_USponsorMe.png ,https:\/\/usponsorme.com\/wp-content\/uploads\/2025\/02\/set_job_alert_USponsorMe.png 780w, https:\/\/usponsorme.com\/wp-content\/uploads\/2025\/02\/set_job_alert_USponsorMe.png 360w\" sizes=\"auto, (max-width: 480px) 150px\" src=\"https:\/\/usponsorme.com\/wp-content\/uploads\/2025\/02\/set_job_alert_USponsorMe.png\" alt=\"\" class=\"uag-image-20762\" width=\"887\" height=\"450\" title=\"set_job_alert_USponsorMe\" loading=\"lazy\" role=\"img\"\/><\/figure><\/div>\n\n\n\n<div style=\"height:20px\" aria-hidden=\"true\" class=\"wp-block-spacer\"><\/div>\n\n\n\n\n\n<p>Enfin, allez dans votre tableau de bord et supprimez les anciennes recherches sauvegard\u00e9es que vous ne souhaitez pas conserver en cliquant sur la corbeille rouge.<\/p>\n\n\n\n<div class=\"wp-block-buttons is-content-justification-center is-layout-flex wp-container-core-buttons-is-layout-a89b3969 wp-block-buttons-is-layout-flex\">\n<div class=\"wp-block-button\"><a class=\"wp-block-button__link has-text-align-center wp-element-button\" href=\"https:\/\/app.usponsorme.com\/dashboard\">Modifier les pr\u00e9f\u00e9rences<\/a><\/div>\n<\/div>\n\n\n\n<p><\/p>","protected":false},"excerpt":{"rendered":"<p>Set My Preferences When you are pleased with the jobs you see after narrowing your search with filters (your preferences), save your search by clicking &#8220;Save search and set alert&#8221;: You can save as many searches as you want. You&#8217;ll then be able to see all of them from your dashboard. When we have newly [&hellip;]<\/p>\n","protected":false},"author":1,"featured_media":0,"parent":19013,"menu_order":0,"comment_status":"closed","ping_status":"closed","template":"","meta":{"_uag_custom_page_level_css":"","site-sidebar-layout":"left-sidebar","site-content-layout":"","ast-site-content-layout":"normal-width-container","site-content-style":"unboxed","site-sidebar-style":"default","ast-global-header-display":"","ast-banner-title-visibility":"","ast-main-header-display":"","ast-hfb-above-header-display":"","ast-hfb-below-header-display":"","ast-hfb-mobile-header-display":"","site-post-title":"","ast-breadcrumbs-content":"","ast-featured-img":"","footer-sml-layout":"","ast-disable-related-posts":"","theme-transparent-header-meta":"","adv-header-id-meta":"","stick-header-meta":"","header-above-stick-meta":"","header-main-stick-meta":"","header-below-stick-meta":"","astra-migrate-meta-layouts":"set","ast-page-background-enabled":"default","ast-page-background-meta":{"desktop":{"background-color":"","background-image":"","background-repeat":"repeat","background-position":"center center","background-size":"auto","background-attachment":"scroll","background-type":"","background-media":"","overlay-type":"","overlay-color":"","overlay-opacity":"","overlay-gradient":""},"tablet":{"background-color":"","background-image":"","background-repeat":"repeat","background-position":"center center","background-size":"auto","background-attachment":"scroll","background-type":"","background-media":"","overlay-type":"","overlay-color":"","overlay-opacity":"","overlay-gradient":""},"mobile":{"background-color":"","background-image":"","background-repeat":"repeat","background-position":"center center","background-size":"auto","background-attachment":"scroll","background-type":"","background-media":"","overlay-type":"","overlay-color":"","overlay-opacity":"","overlay-gradient":""}},"ast-content-background-meta":{"desktop":{"background-color":"var(--ast-global-color-5)","background-image":"","background-repeat":"repeat","background-position":"center center","background-size":"auto","background-attachment":"scroll","background-type":"","background-media":"","overlay-type":"","overlay-color":"","overlay-opacity":"","overlay-gradient":""},"tablet":{"background-color":"var(--ast-global-color-5)","background-image":"","background-repeat":"repeat","background-position":"center center","background-size":"auto","background-attachment":"scroll","background-type":"","background-media":"","overlay-type":"","overlay-color":"","overlay-opacity":"","overlay-gradient":""},"mobile":{"background-color":"var(--ast-global-color-5)","background-image":"","background-repeat":"repeat","background-position":"center center","background-size":"auto","background-attachment":"scroll","background-type":"","background-media":"","overlay-type":"","overlay-color":"","overlay-opacity":"","overlay-gradient":""}},"footnotes":""},"folder":[4277],"class_list":["post-18788","page","type-page","status-publish","hentry"],"uagb_featured_image_src":{"full":false,"thumbnail":false,"medium":false,"medium_large":false,"large":false,"1536x1536":false,"2048x2048":false,"trp-custom-language-flag":false},"uagb_author_info":{"display_name":"Sarah Papasodaro","author_link":"https:\/\/usponsorme.com\/fr\/author\/spapasodaro\/"},"uagb_comment_info":0,"uagb_excerpt":"Set My Preferences When you are pleased with the jobs you see after narrowing your search with filters (your preferences), save your search by clicking &#8220;Save search and set alert&#8221;: You can save as many searches as you want. You&#8217;ll then be able to see all of them from your dashboard. When we have newly\u2026","_links":{"self":[{"href":"https:\/\/usponsorme.com\/fr\/wp-json\/wp\/v2\/pages\/18788","targetHints":{"allow":["GET"]}}],"collection":[{"href":"https:\/\/usponsorme.com\/fr\/wp-json\/wp\/v2\/pages"}],"about":[{"href":"https:\/\/usponsorme.com\/fr\/wp-json\/wp\/v2\/types\/page"}],"author":[{"embeddable":true,"href":"https:\/\/usponsorme.com\/fr\/wp-json\/wp\/v2\/users\/1"}],"replies":[{"embeddable":true,"href":"https:\/\/usponsorme.com\/fr\/wp-json\/wp\/v2\/comments?post=18788"}],"version-history":[{"count":11,"href":"https:\/\/usponsorme.com\/fr\/wp-json\/wp\/v2\/pages\/18788\/revisions"}],"predecessor-version":[{"id":21131,"href":"https:\/\/usponsorme.com\/fr\/wp-json\/wp\/v2\/pages\/18788\/revisions\/21131"}],"up":[{"embeddable":true,"href":"https:\/\/usponsorme.com\/fr\/wp-json\/wp\/v2\/pages\/19013"}],"wp:attachment":[{"href":"https:\/\/usponsorme.com\/fr\/wp-json\/wp\/v2\/media?parent=18788"}],"wp:term":[{"taxonomy":"folder","embeddable":true,"href":"https:\/\/usponsorme.com\/fr\/wp-json\/wp\/v2\/folder?post=18788"}],"curies":[{"name":"wp","href":"https:\/\/api.w.org\/{rel}","templated":true}]}}