{"id":11122,"date":"2020-07-31T19:23:40","date_gmt":"2020-07-31T19:23:40","guid":{"rendered":"http:\/\/usponsorme.com\/?page_id=11122"},"modified":"2026-04-18T00:01:52","modified_gmt":"2026-04-18T00:01:52","slug":"verification-eligibilite","status":"publish","type":"page","link":"https:\/\/usponsorme.com\/fr\/eligibility-check\/","title":{"rendered":"V\u00e9rification gratuite de l'\u00e9ligibilit\u00e9"},"content":{"rendered":"<div style=\"height:100px\" aria-hidden=\"true\" class=\"wp-block-spacer\"><\/div>\n\n\n\n<h1 class=\"wp-block-heading has-text-align-center has-text-color\" id=\"h-check-your-eligibility\" style=\"color:#ed2c24\">V\u00e9rifiez votre \u00e9ligibilit\u00e9<\/h1>\n\n\n\n<h2 class=\"wp-block-heading has-text-align-center has-ast-global-color-0-color has-text-color\" id=\"h-see-your-visa-options-amp-jobs-you-qualify\">V\u00e9rifiez votre \u00e9ligibilit\u00e9 pour un visa J-1 Stagiaire\/Apprenti<\/h2>\n\n\n\n<figure class=\"wp-block-image alignwide size-large is-style-default\"><img decoding=\"async\" width=\"900\" height=\"164\" src=\"http:\/\/usponsorme.com\/wp-content\/uploads\/2020\/08\/eligibility-check-V3.png\" alt=\"\" class=\"wp-image-11225\" srcset=\"https:\/\/usponsorme.com\/wp-content\/uploads\/2020\/08\/eligibility-check-V3.png 900w, https:\/\/usponsorme.com\/wp-content\/uploads\/2020\/08\/eligibility-check-V3-300x55.png 300w, https:\/\/usponsorme.com\/wp-content\/uploads\/2020\/08\/eligibility-check-V3-768x140.png 768w\" sizes=\"(max-width: 900px) 100vw, 900px\" \/><\/figure>\n\n\n\n<div class=\"wp-block-columns is-layout-flex wp-container-core-columns-is-layout-28f84493 wp-block-columns-is-layout-flex\">\n<div class=\"wp-block-column is-layout-flow wp-block-column-is-layout-flow\">\n<section class=\"wp-block-uagb-columns uagb-columns__wrap uagb-columns__background-none uagb-columns__stack-mobile uagb-columns__valign- uagb-columns__gap-10 align uagb-block-5207272b uagb-columns__columns-1 uagb-columns__max_width-custom\"><div class=\"uagb-columns__overlay\"><\/div><div class=\"uagb-columns__inner-wrap uagb-columns__columns-1\">\n<div class=\"wp-block-uagb-column uagb-column__wrap uagb-column__background-undefined uagb-block-8db4bdda\"><div class=\"uagb-column__overlay\"><\/div>\n<p class=\"has-text-align-center has-medium-font-size\">R\u00e9pondez \u00e0 quelques questions en 30 secondes pour voir si vous \u00eates pr\u00e9-qualifi\u00e9 !<\/p>\n\n\n\n<p class=\"has-text-align-center\">At the end, you will have the option to send us your information for manual verification of your eligibility (optional) OR get our free tips to find your J1 host company.<\/p>\n<\/div>\n<\/div><\/section>\n<\/div>\n<\/div>\n\n\n\n<div class=\"wp-block-buttons is-content-justification-center is-layout-flex wp-container-core-buttons-is-layout-a89b3969 wp-block-buttons-is-layout-flex\">\n<div class=\"wp-block-button\"><a class=\"wp-block-button__link has-ast-global-color-4-color has-ast-global-color-0-background-color has-text-color has-background wp-element-button\" href=\"https:\/\/eligibilitycheck-usponsorme.paperform.co\/\" style=\"border-radius:8px\" target=\"_blank\" rel=\"noopener\">Commencer<\/a><\/div>\n<\/div>\n\n\n\n<div style=\"height:100px\" aria-hidden=\"true\" class=\"wp-block-spacer\"><\/div>","protected":false},"excerpt":{"rendered":"<p>Check Your Eligibility Check your eligibility for a J-1 visa Intern\/Trainee Answer a few questions in 30 seconds to see if you pre-qualify! At the end, you will have the option to send us your information for manual verification of your eligibility (optional) OR get our free tips to find your J1 host company.<\/p>","protected":false},"author":1,"featured_media":0,"parent":0,"menu_order":0,"comment_status":"closed","ping_status":"closed","template":"","meta":{"_uag_custom_page_level_css":"","site-sidebar-layout":"default","site-content-layout":"page-builder","ast-site-content-layout":"full-width-container","site-content-style":"unboxed","site-sidebar-style":"unboxed","ast-global-header-display":"","ast-banner-title-visibility":"","ast-main-header-display":"disabled","ast-hfb-above-header-display":"","ast-hfb-below-header-display":"","ast-hfb-mobile-header-display":"","site-post-title":"disabled","ast-breadcrumbs-content":"disabled","ast-featured-img":"disabled","footer-sml-layout":"disabled","ast-disable-related-posts":"","theme-transparent-header-meta":"default","adv-header-id-meta":"","stick-header-meta":"","header-above-stick-meta":"","header-main-stick-meta":"","header-below-stick-meta":"","astra-migrate-meta-layouts":"set","ast-page-background-enabled":"default","ast-page-background-meta":{"desktop":{"background-color":"","background-image":"","background-repeat":"repeat","background-position":"center center","background-size":"auto","background-attachment":"scroll","background-type":"","background-media":"","overlay-type":"","overlay-color":"","overlay-opacity":"","overlay-gradient":""},"tablet":{"background-color":"","background-image":"","background-repeat":"repeat","background-position":"center center","background-size":"auto","background-attachment":"scroll","background-type":"","background-media":"","overlay-type":"","overlay-color":"","overlay-opacity":"","overlay-gradient":""},"mobile":{"background-color":"","background-image":"","background-repeat":"repeat","background-position":"center center","background-size":"auto","background-attachment":"scroll","background-type":"","background-media":"","overlay-type":"","overlay-color":"","overlay-opacity":"","overlay-gradient":""}},"ast-content-background-meta":{"desktop":{"background-color":"var(--ast-global-color-5)","background-image":"","background-repeat":"repeat","background-position":"center center","background-size":"auto","background-attachment":"scroll","background-type":"","background-media":"","overlay-type":"","overlay-color":"","overlay-opacity":"","overlay-gradient":""},"tablet":{"background-color":"var(--ast-global-color-5)","background-image":"","background-repeat":"repeat","background-position":"center center","background-size":"auto","background-attachment":"scroll","background-type":"","background-media":"","overlay-type":"","overlay-color":"","overlay-opacity":"","overlay-gradient":""},"mobile":{"background-color":"var(--ast-global-color-5)","background-image":"","background-repeat":"repeat","background-position":"center center","background-size":"auto","background-attachment":"scroll","background-type":"","background-media":"","overlay-type":"","overlay-color":"","overlay-opacity":"","overlay-gradient":""}},"footnotes":""},"folder":[717],"class_list":["post-11122","page","type-page","status-publish","hentry"],"uagb_featured_image_src":{"full":false,"thumbnail":false,"medium":false,"medium_large":false,"large":false,"1536x1536":false,"2048x2048":false,"trp-custom-language-flag":false},"uagb_author_info":{"display_name":"Sarah Papasodaro","author_link":"https:\/\/usponsorme.com\/fr\/author\/spapasodaro\/"},"uagb_comment_info":0,"uagb_excerpt":"Check Your Eligibility Check your eligibility for a J-1 visa Intern\/Trainee Answer a few questions in 30 seconds to see if you pre-qualify! At the end, you will have the option to send us your information for manual verification of your eligibility (optional) OR get our free tips to find your J1 host company.","_links":{"self":[{"href":"https:\/\/usponsorme.com\/fr\/wp-json\/wp\/v2\/pages\/11122","targetHints":{"allow":["GET"]}}],"collection":[{"href":"https:\/\/usponsorme.com\/fr\/wp-json\/wp\/v2\/pages"}],"about":[{"href":"https:\/\/usponsorme.com\/fr\/wp-json\/wp\/v2\/types\/page"}],"author":[{"embeddable":true,"href":"https:\/\/usponsorme.com\/fr\/wp-json\/wp\/v2\/users\/1"}],"replies":[{"embeddable":true,"href":"https:\/\/usponsorme.com\/fr\/wp-json\/wp\/v2\/comments?post=11122"}],"version-history":[{"count":38,"href":"https:\/\/usponsorme.com\/fr\/wp-json\/wp\/v2\/pages\/11122\/revisions"}],"predecessor-version":[{"id":22927,"href":"https:\/\/usponsorme.com\/fr\/wp-json\/wp\/v2\/pages\/11122\/revisions\/22927"}],"wp:attachment":[{"href":"https:\/\/usponsorme.com\/fr\/wp-json\/wp\/v2\/media?parent=11122"}],"wp:term":[{"taxonomy":"folder","embeddable":true,"href":"https:\/\/usponsorme.com\/fr\/wp-json\/wp\/v2\/folder?post=11122"}],"curies":[{"name":"wp","href":"https:\/\/api.w.org\/{rel}","templated":true}]}}